{"id":6309,"date":"2025-04-22T16:05:30","date_gmt":"2025-04-22T14:05:30","guid":{"rendered":"https:\/\/www.kioskstudio.net\/projekti\/zff\/?page_id=6309"},"modified":"2025-06-18T14:39:41","modified_gmt":"2025-06-18T12:39:41","slug":"tko-je-tko","status":"publish","type":"page","link":"https:\/\/www.kioskstudio.net\/projekti\/zff\/o-festivalu\/tko-je-tko\/","title":{"rendered":"Tko je tko"},"content":{"rendered":"<div class=\"wpb-content-wrapper\"><p>[vc_row full_width=&#8221;stretch_row&#8221; css=&#8221;.vc_custom_1745405038873{padding-bottom: 40px !important;}&#8221;][vc_column][vc_row_inner][vc_column_inner offset=&#8221;vc_hidden-lg vc_hidden-md&#8221;][vc_empty_space height=&#8221;40px&#8221;][\/vc_column_inner][\/vc_row_inner][vc_row_inner css=&#8221;.vc_custom_1745405332202{padding-bottom: 60px !important;}&#8221;][vc_column_inner offset=&#8221;vc_col-lg-2 vc_col-md-2 vc_col-xs-12&#8243;][\/vc_column_inner][vc_column_inner offset=&#8221;vc_col-lg-8 vc_col-md-8 vc_col-xs-12&#8243;]<div class=\"gt-heading gt-style-4 gt-light gt-align-center\"><div class=\"gt-subtitle\">TKO JE TKO<\/div><h3 class=\"gt-title\">Uprava festivala<\/h3><\/div>[\/vc_column_inner][vc_column_inner offset=&#8221;vc_col-lg-2 vc_col-md-2 vc_col-xs-12&#8243;][\/vc_column_inner][\/vc_row_inner]<div class=\"gt-team gt-style-3 gt-light gt-align-center\"><div class=\"gt-grid gt-grid-3 gt-spacing-20\"><div class=\"gt-grid-col\"><div class=\"gt-item\"><div class=\"gt-item-inner\"><div class=\"gt-photo\"><img loading=\"lazy\" decoding=\"async\" width=\"415\" height=\"460\" src=\"https:\/\/www.kioskstudio.net\/projekti\/zff\/wp-content\/uploads\/2024\/07\/team01.jpg\" class=\"attachment-full size-full\" alt=\"\" srcset=\"https:\/\/www.kioskstudio.net\/projekti\/zff\/wp-content\/uploads\/2024\/07\/team01.jpg 415w, https:\/\/www.kioskstudio.net\/projekti\/zff\/wp-content\/uploads\/2024\/07\/team01-271x300.jpg 271w\" sizes=\"auto, (max-width: 415px) 100vw, 415px\" \/><\/div><div class=\"gt-details\"><p>Osniva\u010d i direktor Zagreb Film Festivala.<\/p>\n<div class=\"gt-social-links gt-style-1 gt-dark gt-size-s\"><ul><li><a href=\"mailto:btm@propelerfilm.com\" target=\"_blank\" class=\"gt-email\"><i class=\"fa-solid fa-envelope\"><\/i><\/a><\/li><\/ul><\/div><\/div><\/div><div class=\"gt-title\">Boris T. Mati\u0107<\/div><div class=\"gt-job\">Direktor<\/div><\/div><\/div><div class=\"gt-grid-col\"><div class=\"gt-item\"><div class=\"gt-item-inner\"><div class=\"gt-photo\"><img loading=\"lazy\" decoding=\"async\" width=\"415\" height=\"460\" src=\"https:\/\/www.kioskstudio.net\/projekti\/zff\/wp-content\/uploads\/2024\/07\/team02.jpg\" class=\"attachment-full size-full\" alt=\"\" srcset=\"https:\/\/www.kioskstudio.net\/projekti\/zff\/wp-content\/uploads\/2024\/07\/team02.jpg 415w, https:\/\/www.kioskstudio.net\/projekti\/zff\/wp-content\/uploads\/2024\/07\/team02-271x300.jpg 271w\" sizes=\"auto, (max-width: 415px) 100vw, 415px\" \/><\/div><div class=\"gt-details\"><p>Suosniva\u010dica ZFF-a, na kojem je producentica i selektorica filmskih programa.<\/p>\n<div class=\"gt-social-links gt-style-1 gt-dark gt-size-s\"><ul><li><a href=\"mailto:lana@zff.hr\" target=\"_blank\" class=\"gt-email\"><i class=\"fa-solid fa-envelope\"><\/i><\/a><\/li><\/ul><\/div><\/div><\/div><div class=\"gt-title\">Lana Mati\u0107 <\/div><div class=\"gt-job\">Izvr\u0161na direktorica<\/div><\/div><\/div><div class=\"gt-grid-col\"><div class=\"gt-item\"><div class=\"gt-item-inner\"><div class=\"gt-photo\"><img loading=\"lazy\" decoding=\"async\" width=\"415\" height=\"460\" src=\"https:\/\/www.kioskstudio.net\/projekti\/zff\/wp-content\/uploads\/2024\/07\/team03.jpg\" class=\"attachment-full size-full\" alt=\"\" srcset=\"https:\/\/www.kioskstudio.net\/projekti\/zff\/wp-content\/uploads\/2024\/07\/team03.jpg 415w, https:\/\/www.kioskstudio.net\/projekti\/zff\/wp-content\/uploads\/2024\/07\/team03-271x300.jpg 271w\" sizes=\"auto, (max-width: 415px) 100vw, 415px\" \/><\/div><div class=\"gt-details\"><p>Koordinatorica Zagreb Film Festival programa, gdje trenuta\u010dno radi kao voditeljica filmske distribucije.<\/p>\n<div class=\"gt-social-links gt-style-1 gt-dark gt-size-s\"><ul><li><a href=\"mailto:selma@zff.hr\" target=\"_blank\" class=\"gt-email\"><i class=\"fa-solid fa-envelope\"><\/i><\/a><\/li><\/ul><\/div><\/div><\/div><div class=\"gt-title\">Selma Mehad\u017ei\u0107<\/div><div class=\"gt-job\">Programska direktorica<\/div><\/div><\/div><\/div><\/div>[\/vc_column][\/vc_row][vc_row full_width=&#8221;stretch_row&#8221; css=&#8221;.vc_custom_1745406388489{margin-top: 60px !important;padding-bottom: 40px !important;}&#8221;][vc_column][vc_separator][vc_row_inner css=&#8221;.vc_custom_1745405332202{padding-bottom: 60px !important;}&#8221;][vc_column_inner offset=&#8221;vc_col-lg-2 vc_col-md-2 vc_col-xs-12&#8243;][\/vc_column_inner][vc_column_inner offset=&#8221;vc_col-lg-8 vc_col-md-8 vc_col-xs-12&#8243;]<div class=\"gt-heading gt-style-4 gt-light gt-align-center\"><h3 class=\"gt-title\">Festivalski ured<\/h3><\/div>[\/vc_column_inner][vc_column_inner offset=&#8221;vc_col-lg-2 vc_col-md-2 vc_col-xs-12&#8243;][\/vc_column_inner][\/vc_row_inner]<div class=\"gt-team gt-style-3 gt-light gt-align-center\"><div class=\"gt-grid gt-grid-4 gt-spacing-20\"><div class=\"gt-grid-col\"><div class=\"gt-item\"><div class=\"gt-item-inner\"><div class=\"gt-photo\"><img loading=\"lazy\" decoding=\"async\" width=\"415\" height=\"460\" src=\"https:\/\/www.kioskstudio.net\/projekti\/zff\/wp-content\/uploads\/2025\/04\/vanja-sedlanic-zff.jpg\" class=\"attachment-full size-full\" alt=\"\" srcset=\"https:\/\/www.kioskstudio.net\/projekti\/zff\/wp-content\/uploads\/2025\/04\/vanja-sedlanic-zff.jpg 415w, https:\/\/www.kioskstudio.net\/projekti\/zff\/wp-content\/uploads\/2025\/04\/vanja-sedlanic-zff-271x300.jpg 271w\" sizes=\"auto, (max-width: 415px) 100vw, 415px\" \/><\/div><div class=\"gt-details\"><p>Email kontakt<\/p>\n<div class=\"gt-social-links gt-style-1 gt-dark gt-size-s\"><ul><li><a href=\"mailto:distribucija@zff.hr\" target=\"_blank\" class=\"gt-email\"><i class=\"fa-solid fa-envelope\"><\/i><\/a><\/li><\/ul><\/div><\/div><\/div><div class=\"gt-title\">Vanja Sedlani\u0107<\/div><div class=\"gt-job\">Voditelj distribucije i platforme croatian.film<\/div><\/div><\/div><div class=\"gt-grid-col\"><div class=\"gt-item\"><div class=\"gt-item-inner\"><div class=\"gt-photo\"><img loading=\"lazy\" decoding=\"async\" width=\"415\" height=\"460\" src=\"https:\/\/www.kioskstudio.net\/projekti\/zff\/wp-content\/uploads\/2025\/04\/katarina-crncic-zff.jpg\" class=\"attachment-full size-full\" alt=\"\" srcset=\"https:\/\/www.kioskstudio.net\/projekti\/zff\/wp-content\/uploads\/2025\/04\/katarina-crncic-zff.jpg 415w, https:\/\/www.kioskstudio.net\/projekti\/zff\/wp-content\/uploads\/2025\/04\/katarina-crncic-zff-271x300.jpg 271w\" sizes=\"auto, (max-width: 415px) 100vw, 415px\" \/><\/div><div class=\"gt-details\"><p>Email kontakt<\/p>\n<div class=\"gt-social-links gt-style-1 gt-dark gt-size-s\"><ul><li><a href=\"mailto:katarina@zff.hr\" target=\"_blank\" class=\"gt-email\"><i class=\"fa-solid fa-envelope\"><\/i><\/a><\/li><\/ul><\/div><\/div><\/div><div class=\"gt-title\">Katarina Crn\u010di\u0107<\/div><div class=\"gt-job\">Voditeljica projekata<\/div><\/div><\/div><div class=\"gt-grid-col\"><div class=\"gt-item\"><div class=\"gt-item-inner\"><div class=\"gt-photo\"><img loading=\"lazy\" decoding=\"async\" width=\"415\" height=\"460\" src=\"https:\/\/www.kioskstudio.net\/projekti\/zff\/wp-content\/uploads\/2025\/04\/lara-bakovic-zff.jpg\" class=\"attachment-full size-full\" alt=\"\" srcset=\"https:\/\/www.kioskstudio.net\/projekti\/zff\/wp-content\/uploads\/2025\/04\/lara-bakovic-zff.jpg 415w, https:\/\/www.kioskstudio.net\/projekti\/zff\/wp-content\/uploads\/2025\/04\/lara-bakovic-zff-271x300.jpg 271w\" sizes=\"auto, (max-width: 415px) 100vw, 415px\" \/><\/div><div class=\"gt-details\"><p>Email kontakt<\/p>\n<div class=\"gt-social-links gt-style-1 gt-dark gt-size-s\"><ul><li><a href=\"mailto:info@zff.hr\" target=\"_blank\" class=\"gt-email\"><i class=\"fa-solid fa-envelope\"><\/i><\/a><\/li><\/ul><\/div><\/div><\/div><div class=\"gt-title\">Lara Bakovi\u0107<\/div><div class=\"gt-job\">Voditeljica ureda<\/div><\/div><\/div><div class=\"gt-grid-col\"><div class=\"gt-item\"><div class=\"gt-item-inner\"><div class=\"gt-photo\"><img loading=\"lazy\" decoding=\"async\" width=\"415\" height=\"460\" src=\"https:\/\/www.kioskstudio.net\/projekti\/zff\/wp-content\/uploads\/2025\/04\/barbara-gregov-zff.jpg\" class=\"attachment-full size-full\" alt=\"\" srcset=\"https:\/\/www.kioskstudio.net\/projekti\/zff\/wp-content\/uploads\/2025\/04\/barbara-gregov-zff.jpg 415w, https:\/\/www.kioskstudio.net\/projekti\/zff\/wp-content\/uploads\/2025\/04\/barbara-gregov-zff-271x300.jpg 271w\" sizes=\"auto, (max-width: 415px) 100vw, 415px\" \/><\/div><div class=\"gt-details\"><p>Email kontakt<\/p>\n<div class=\"gt-social-links gt-style-1 gt-dark gt-size-s\"><ul><li><a href=\"mailto:barbara@zff.hr\" target=\"_blank\" class=\"gt-email\"><i class=\"fa-solid fa-envelope\"><\/i><\/a><\/li><\/ul><\/div><\/div><\/div><div class=\"gt-title\">Barbara Gregov<\/div><div class=\"gt-job\">Koordinatorica festivala<\/div><\/div><\/div><\/div><\/div><div class=\"gt-team gt-style-3 gt-light gt-align-center\"><div class=\"gt-grid gt-grid-4 gt-spacing-20\"><div class=\"gt-grid-col\"><div class=\"gt-item\"><div class=\"gt-item-inner\"><div class=\"gt-photo\"><img loading=\"lazy\" decoding=\"async\" width=\"415\" height=\"460\" src=\"https:\/\/www.kioskstudio.net\/projekti\/zff\/wp-content\/uploads\/2025\/04\/iva-jurlina-zff.jpg\" class=\"attachment-full size-full\" alt=\"\" srcset=\"https:\/\/www.kioskstudio.net\/projekti\/zff\/wp-content\/uploads\/2025\/04\/iva-jurlina-zff.jpg 415w, https:\/\/www.kioskstudio.net\/projekti\/zff\/wp-content\/uploads\/2025\/04\/iva-jurlina-zff-271x300.jpg 271w\" sizes=\"auto, (max-width: 415px) 100vw, 415px\" \/><\/div><div class=\"gt-details\"><p>Email kontakt<\/p>\n<div class=\"gt-social-links gt-style-1 gt-dark gt-size-s\"><ul><li><a href=\"mailto:iva@zff.hr\" target=\"_blank\" class=\"gt-email\"><i class=\"fa-solid fa-envelope\"><\/i><\/a><\/li><\/ul><\/div><\/div><\/div><div class=\"gt-title\">Iva Jurlina<\/div><div class=\"gt-job\">Koordinatorica festivala<\/div><\/div><\/div><div class=\"gt-grid-col\"><div class=\"gt-item\"><div class=\"gt-item-inner\"><div class=\"gt-photo\"><img loading=\"lazy\" decoding=\"async\" width=\"415\" height=\"460\" src=\"https:\/\/www.kioskstudio.net\/projekti\/zff\/wp-content\/uploads\/2025\/04\/franka-bihar-zff.jpg\" class=\"attachment-full size-full\" alt=\"\" srcset=\"https:\/\/www.kioskstudio.net\/projekti\/zff\/wp-content\/uploads\/2025\/04\/franka-bihar-zff.jpg 415w, https:\/\/www.kioskstudio.net\/projekti\/zff\/wp-content\/uploads\/2025\/04\/franka-bihar-zff-271x300.jpg 271w\" sizes=\"auto, (max-width: 415px) 100vw, 415px\" \/><\/div><div class=\"gt-details\"><p>Email kontakt<\/p>\n<div class=\"gt-social-links gt-style-1 gt-dark gt-size-s\"><ul><li><a href=\"mailto:produkcija@zff.hr\" target=\"_blank\" class=\"gt-email\"><i class=\"fa-solid fa-envelope\"><\/i><\/a><\/li><\/ul><\/div><\/div><\/div><div class=\"gt-title\">Franka Bihar<\/div><div class=\"gt-job\">Koordinatorica produkcije i marketinga<\/div><\/div><\/div><div class=\"gt-grid-col\"><div class=\"gt-item\"><div class=\"gt-item-inner\"><div class=\"gt-photo\"><img loading=\"lazy\" decoding=\"async\" width=\"415\" height=\"460\" src=\"https:\/\/www.kioskstudio.net\/projekti\/zff\/wp-content\/uploads\/2025\/04\/petra-hofbauer-zff.jpg\" class=\"attachment-full size-full\" alt=\"\" srcset=\"https:\/\/www.kioskstudio.net\/projekti\/zff\/wp-content\/uploads\/2025\/04\/petra-hofbauer-zff.jpg 415w, https:\/\/www.kioskstudio.net\/projekti\/zff\/wp-content\/uploads\/2025\/04\/petra-hofbauer-zff-271x300.jpg 271w\" sizes=\"auto, (max-width: 415px) 100vw, 415px\" \/><\/div><div class=\"gt-details\"><p>Email kontakt<\/p>\n<div class=\"gt-social-links gt-style-1 gt-dark gt-size-s\"><ul><li><a href=\"mailto:petra@zff.hr\" target=\"_blank\" class=\"gt-email\"><i class=\"fa-solid fa-envelope\"><\/i><\/a><\/li><\/ul><\/div><\/div><\/div><div class=\"gt-title\">Petra Hofbauer<\/div><div class=\"gt-job\">Odnosi s javno\u0161\u0107u i dru\u0161tvene mre\u017ee<\/div><\/div><\/div><div class=\"gt-grid-col\"><div class=\"gt-item\"><div class=\"gt-item-inner\"><div class=\"gt-photo\"><img loading=\"lazy\" decoding=\"async\" width=\"415\" height=\"460\" src=\"https:\/\/www.kioskstudio.net\/projekti\/zff\/wp-content\/uploads\/2025\/04\/lucija-tunkovic-zff.jpg\" class=\"attachment-full size-full\" alt=\"\" srcset=\"https:\/\/www.kioskstudio.net\/projekti\/zff\/wp-content\/uploads\/2025\/04\/lucija-tunkovic-zff.jpg 415w, https:\/\/www.kioskstudio.net\/projekti\/zff\/wp-content\/uploads\/2025\/04\/lucija-tunkovic-zff-271x300.jpg 271w\" sizes=\"auto, (max-width: 415px) 100vw, 415px\" \/><\/div><div class=\"gt-details\"><div class=\"gt-social-links gt-style-1 gt-dark gt-size-s\"><ul><\/ul><\/div><\/div><\/div><div class=\"gt-title\">Lucija Tunkovi\u0107<\/div><div class=\"gt-job\">Odnosi s javno\u0161\u0107u i dru\u0161tvene mre\u017ee<\/div><\/div><\/div><\/div><\/div>[vc_row_inner equal_height=&#8221;yes&#8221; css=&#8221;.vc_custom_1745417869013{padding-top: 30px !important;}&#8221;][vc_column_inner width=&#8221;1\/2&#8243;]<div class=\"gt-team gt-style-3 gt-light gt-align-center\"><div class=\"gt-grid gt-grid-2 gt-spacing-20\"><div class=\"gt-grid-col\"><div class=\"gt-item\"><div class=\"gt-item-inner\"><div class=\"gt-photo\"><img loading=\"lazy\" decoding=\"async\" width=\"415\" height=\"460\" src=\"https:\/\/www.kioskstudio.net\/projekti\/zff\/wp-content\/uploads\/2025\/04\/ana-marija-marinov-zff.jpg\" class=\"attachment-full size-full\" alt=\"\" srcset=\"https:\/\/www.kioskstudio.net\/projekti\/zff\/wp-content\/uploads\/2025\/04\/ana-marija-marinov-zff.jpg 415w, https:\/\/www.kioskstudio.net\/projekti\/zff\/wp-content\/uploads\/2025\/04\/ana-marija-marinov-zff-271x300.jpg 271w\" sizes=\"auto, (max-width: 415px) 100vw, 415px\" \/><\/div><div class=\"gt-details\"><p>Email kontakt<\/p>\n<div class=\"gt-social-links gt-style-1 gt-dark gt-size-s\"><ul><li><a href=\"mailto:info@kinokino.hr\" target=\"_blank\" class=\"gt-email\"><i class=\"fa-solid fa-envelope\"><\/i><\/a><\/li><\/ul><\/div><\/div><\/div><div class=\"gt-title\">Ana Marija Marinov<\/div><div class=\"gt-job\">Koordinatorica filmskog programa za djecu KinoKino<\/div><\/div><\/div><div class=\"gt-grid-col\"><div class=\"gt-item\"><div class=\"gt-item-inner\"><div class=\"gt-photo\"><img loading=\"lazy\" decoding=\"async\" width=\"415\" height=\"460\" src=\"https:\/\/www.kioskstudio.net\/projekti\/zff\/wp-content\/uploads\/2025\/04\/andrija-gvozdic-michl-zff.jpg\" class=\"attachment-full size-full\" alt=\"\" srcset=\"https:\/\/www.kioskstudio.net\/projekti\/zff\/wp-content\/uploads\/2025\/04\/andrija-gvozdic-michl-zff.jpg 415w, https:\/\/www.kioskstudio.net\/projekti\/zff\/wp-content\/uploads\/2025\/04\/andrija-gvozdic-michl-zff-271x300.jpg 271w\" sizes=\"auto, (max-width: 415px) 100vw, 415px\" \/><\/div><div class=\"gt-details\"><div class=\"gt-social-links gt-style-1 gt-dark gt-size-s\"><ul><\/ul><\/div><\/div><\/div><div class=\"gt-title\">Andrija Gvozdi\u0107-Michl<\/div><div class=\"gt-job\">Voditelj digitalne produkcije<\/div><\/div><\/div><\/div><\/div>[\/vc_column_inner][vc_column_inner width=&#8221;1\/2&#8243;]<div class=\"gt-service-boxes gt-style-2 gt-light\"><div class=\"gt-grid gt-grid-2 gt-spacing-20\"><div class=\"gt-grid-col\"><div class=\"gt-item gt-align-center\"><div class=\"gt-subtitle\">DIZAJN<\/div><div class=\"gt-title\">P3RO, Kropf Studio, Kristina Slunjski Rajak<\/div><p>Dizajn promotivnih vizuala<\/p>\n<\/div><\/div><div class=\"gt-grid-col\"><div class=\"gt-item gt-align-center\"><a href=\"mailto:kontakt@kioskstudio.net\" target=\"_blank\" rel=\"noopener\"><div class=\"gt-subtitle\">WEB<\/div><div class=\"gt-title\">Kiosk studio<\/div><p>&nbsp<br \/>&nbsp<\/p>\n<p>Web dizajn i<br \/>stranice<\/p>\n<\/a><\/div><\/div><\/div><\/div>[\/vc_column_inner][\/vc_row_inner][\/vc_column][\/vc_row]<\/p>\n<\/div>","protected":false},"excerpt":{"rendered":"<p>[vc_row full_width=&#8221;stretch_row&#8221; css=&#8221;.vc_custom_1745405038873{padding-bottom: 40px !important;}&#8221;][vc_column][vc_row_inner][vc_column_inner offset=&#8221;vc_hidden-lg vc_hidden-md&#8221;][vc_empty_space height=&#8221;40px&#8221;][\/vc_column_inner][\/vc_row_inner][vc_row_inner css=&#8221;.vc_custom_1745405332202{padding-bottom: 60px !important;}&#8221;][vc_column_inner offset=&#8221;vc_col-lg-2 vc_col-md-2 vc_col-xs-12&#8243;][\/vc_column_inner][vc_column_inner offset=&#8221;vc_col-lg-8 vc_col-md-8 vc_col-xs-12&#8243;][\/vc_column_inner][vc_column_inner offset=&#8221;vc_col-lg-2 vc_col-md-2 vc_col-xs-12&#8243;][\/vc_column_inner][\/vc_row_inner][\/vc_column][\/vc_row][vc_row full_width=&#8221;stretch_row&#8221; css=&#8221;.vc_custom_1745406388489{margin-top: 60px !important;padding-bottom: 40px !important;}&#8221;][vc_column][vc_separator][vc_row_inner css=&#8221;.vc_custom_1745405332202{padding-bottom: 60px !important;}&#8221;][vc_column_inner offset=&#8221;vc_col-lg-2 vc_col-md-2 vc_col-xs-12&#8243;][\/vc_column_inner][vc_column_inner offset=&#8221;vc_col-lg-8 vc_col-md-8 vc_col-xs-12&#8243;][\/vc_column_inner][vc_column_inner offset=&#8221;vc_col-lg-2 vc_col-md-2 vc_col-xs-12&#8243;][\/vc_column_inner][\/vc_row_inner][vc_row_inner equal_height=&#8221;yes&#8221; css=&#8221;.vc_custom_1745417869013{padding-top: 30px !important;}&#8221;][vc_column_inner width=&#8221;1\/2&#8243;][\/vc_column_inner][vc_column_inner width=&#8221;1\/2&#8243;][\/vc_column_inner][\/vc_row_inner][\/vc_column][\/vc_row]<\/p>\n","protected":false},"author":1,"featured_media":0,"parent":6653,"menu_order":0,"comment_status":"closed","ping_status":"closed","template":"","meta":{"_acf_changed":false,"inline_featured_image":false,"footnotes":""},"class_list":["post-6309","page","type-page","status-publish","hentry"],"acf":[],"yoast_head":"<!-- This site is optimized with the Yoast SEO plugin v25.5 - https:\/\/yoast.com\/wordpress\/plugins\/seo\/ -->\n<title>Tko je tko - Zagreb Film Festival<\/title>\n<meta name=\"robots\" content=\"noindex, follow, max-snippet:-1, max-image-preview:large, max-video-preview:-1\" \/>\n<meta property=\"og:locale\" content=\"en_US\" \/>\n<meta property=\"og:type\" content=\"article\" \/>\n<meta property=\"og:title\" content=\"Tko je tko - Zagreb Film Festival\" \/>\n<meta property=\"og:description\" content=\"[vc_row full_width=&#8221;stretch_row&#8221; css=&#8221;.vc_custom_1745405038873{padding-bottom: 40px !important;}&#8221;][vc_column][vc_row_inner][vc_column_inner offset=&#8221;vc_hidden-lg vc_hidden-md&#8221;][vc_empty_space height=&#8221;40px&#8221;][\/vc_column_inner][\/vc_row_inner][vc_row_inner css=&#8221;.vc_custom_1745405332202{padding-bottom: 60px !important;}&#8221;][vc_column_inner offset=&#8221;vc_col-lg-2 vc_col-md-2 vc_col-xs-12&#8243;][\/vc_column_inner][vc_column_inner offset=&#8221;vc_col-lg-8 vc_col-md-8 vc_col-xs-12&#8243;][\/vc_column_inner][vc_column_inner offset=&#8221;vc_col-lg-2 vc_col-md-2 vc_col-xs-12&#8243;][\/vc_column_inner][\/vc_row_inner][\/vc_column][\/vc_row][vc_row full_width=&#8221;stretch_row&#8221; css=&#8221;.vc_custom_1745406388489{margin-top: 60px !important;padding-bottom: 40px !important;}&#8221;][vc_column][vc_separator][vc_row_inner css=&#8221;.vc_custom_1745405332202{padding-bottom: 60px !important;}&#8221;][vc_column_inner offset=&#8221;vc_col-lg-2 vc_col-md-2 vc_col-xs-12&#8243;][\/vc_column_inner][vc_column_inner offset=&#8221;vc_col-lg-8 vc_col-md-8 vc_col-xs-12&#8243;][\/vc_column_inner][vc_column_inner offset=&#8221;vc_col-lg-2 vc_col-md-2 vc_col-xs-12&#8243;][\/vc_column_inner][\/vc_row_inner][vc_row_inner equal_height=&#8221;yes&#8221; css=&#8221;.vc_custom_1745417869013{padding-top: 30px !important;}&#8221;][vc_column_inner width=&#8221;1\/2&#8243;][\/vc_column_inner][vc_column_inner width=&#8221;1\/2&#8243;][\/vc_column_inner][\/vc_row_inner][\/vc_column][\/vc_row]\" \/>\n<meta property=\"og:url\" content=\"https:\/\/www.kioskstudio.net\/projekti\/zff\/o-festivalu\/tko-je-tko\/\" \/>\n<meta property=\"og:site_name\" content=\"Zagreb Film Festival\" \/>\n<meta property=\"article:modified_time\" content=\"2025-06-18T12:39:41+00:00\" \/>\n<meta name=\"twitter:card\" content=\"summary_large_image\" \/>\n<meta name=\"twitter:label1\" content=\"Est. reading time\" \/>\n\t<meta name=\"twitter:data1\" content=\"7 minutes\" \/>\n<script type=\"application\/ld+json\" class=\"yoast-schema-graph\">{\"@context\":\"https:\/\/schema.org\",\"@graph\":[{\"@type\":\"WebPage\",\"@id\":\"https:\/\/www.kioskstudio.net\/projekti\/zff\/o-festivalu\/tko-je-tko\/\",\"url\":\"https:\/\/www.kioskstudio.net\/projekti\/zff\/o-festivalu\/tko-je-tko\/\",\"name\":\"Tko je tko - Zagreb Film Festival\",\"isPartOf\":{\"@id\":\"https:\/\/www.kioskstudio.net\/projekti\/zff\/#website\"},\"datePublished\":\"2025-04-22T14:05:30+00:00\",\"dateModified\":\"2025-06-18T12:39:41+00:00\",\"breadcrumb\":{\"@id\":\"https:\/\/www.kioskstudio.net\/projekti\/zff\/o-festivalu\/tko-je-tko\/#breadcrumb\"},\"inLanguage\":\"en-US\",\"potentialAction\":[{\"@type\":\"ReadAction\",\"target\":[\"https:\/\/www.kioskstudio.net\/projekti\/zff\/o-festivalu\/tko-je-tko\/\"]}]},{\"@type\":\"BreadcrumbList\",\"@id\":\"https:\/\/www.kioskstudio.net\/projekti\/zff\/o-festivalu\/tko-je-tko\/#breadcrumb\",\"itemListElement\":[{\"@type\":\"ListItem\",\"position\":1,\"name\":\"Home\",\"item\":\"https:\/\/www.kioskstudio.net\/projekti\/zff\/\"},{\"@type\":\"ListItem\",\"position\":2,\"name\":\"O festivalu\",\"item\":\"https:\/\/www.kioskstudio.net\/projekti\/zff\/o-festivalu\/\"},{\"@type\":\"ListItem\",\"position\":3,\"name\":\"Tko je tko\"}]},{\"@type\":\"WebSite\",\"@id\":\"https:\/\/www.kioskstudio.net\/projekti\/zff\/#website\",\"url\":\"https:\/\/www.kioskstudio.net\/projekti\/zff\/\",\"name\":\"Zagreb Film Festival\",\"description\":\"\",\"potentialAction\":[{\"@type\":\"SearchAction\",\"target\":{\"@type\":\"EntryPoint\",\"urlTemplate\":\"https:\/\/www.kioskstudio.net\/projekti\/zff\/?s={search_term_string}\"},\"query-input\":{\"@type\":\"PropertyValueSpecification\",\"valueRequired\":true,\"valueName\":\"search_term_string\"}}],\"inLanguage\":\"en-US\"}]}<\/script>\n<!-- \/ Yoast SEO plugin. -->","yoast_head_json":{"title":"Tko je tko - Zagreb Film Festival","robots":{"index":"noindex","follow":"follow","max-snippet":"max-snippet:-1","max-image-preview":"max-image-preview:large","max-video-preview":"max-video-preview:-1"},"og_locale":"en_US","og_type":"article","og_title":"Tko je tko - Zagreb Film Festival","og_description":"[vc_row full_width=&#8221;stretch_row&#8221; css=&#8221;.vc_custom_1745405038873{padding-bottom: 40px !important;}&#8221;][vc_column][vc_row_inner][vc_column_inner offset=&#8221;vc_hidden-lg vc_hidden-md&#8221;][vc_empty_space height=&#8221;40px&#8221;][\/vc_column_inner][\/vc_row_inner][vc_row_inner css=&#8221;.vc_custom_1745405332202{padding-bottom: 60px !important;}&#8221;][vc_column_inner offset=&#8221;vc_col-lg-2 vc_col-md-2 vc_col-xs-12&#8243;][\/vc_column_inner][vc_column_inner offset=&#8221;vc_col-lg-8 vc_col-md-8 vc_col-xs-12&#8243;][\/vc_column_inner][vc_column_inner offset=&#8221;vc_col-lg-2 vc_col-md-2 vc_col-xs-12&#8243;][\/vc_column_inner][\/vc_row_inner][\/vc_column][\/vc_row][vc_row full_width=&#8221;stretch_row&#8221; css=&#8221;.vc_custom_1745406388489{margin-top: 60px !important;padding-bottom: 40px !important;}&#8221;][vc_column][vc_separator][vc_row_inner css=&#8221;.vc_custom_1745405332202{padding-bottom: 60px !important;}&#8221;][vc_column_inner offset=&#8221;vc_col-lg-2 vc_col-md-2 vc_col-xs-12&#8243;][\/vc_column_inner][vc_column_inner offset=&#8221;vc_col-lg-8 vc_col-md-8 vc_col-xs-12&#8243;][\/vc_column_inner][vc_column_inner offset=&#8221;vc_col-lg-2 vc_col-md-2 vc_col-xs-12&#8243;][\/vc_column_inner][\/vc_row_inner][vc_row_inner equal_height=&#8221;yes&#8221; css=&#8221;.vc_custom_1745417869013{padding-top: 30px !important;}&#8221;][vc_column_inner width=&#8221;1\/2&#8243;][\/vc_column_inner][vc_column_inner width=&#8221;1\/2&#8243;][\/vc_column_inner][\/vc_row_inner][\/vc_column][\/vc_row]","og_url":"https:\/\/www.kioskstudio.net\/projekti\/zff\/o-festivalu\/tko-je-tko\/","og_site_name":"Zagreb Film Festival","article_modified_time":"2025-06-18T12:39:41+00:00","twitter_card":"summary_large_image","twitter_misc":{"Est. reading time":"7 minutes"},"schema":{"@context":"https:\/\/schema.org","@graph":[{"@type":"WebPage","@id":"https:\/\/www.kioskstudio.net\/projekti\/zff\/o-festivalu\/tko-je-tko\/","url":"https:\/\/www.kioskstudio.net\/projekti\/zff\/o-festivalu\/tko-je-tko\/","name":"Tko je tko - Zagreb Film Festival","isPartOf":{"@id":"https:\/\/www.kioskstudio.net\/projekti\/zff\/#website"},"datePublished":"2025-04-22T14:05:30+00:00","dateModified":"2025-06-18T12:39:41+00:00","breadcrumb":{"@id":"https:\/\/www.kioskstudio.net\/projekti\/zff\/o-festivalu\/tko-je-tko\/#breadcrumb"},"inLanguage":"en-US","potentialAction":[{"@type":"ReadAction","target":["https:\/\/www.kioskstudio.net\/projekti\/zff\/o-festivalu\/tko-je-tko\/"]}]},{"@type":"BreadcrumbList","@id":"https:\/\/www.kioskstudio.net\/projekti\/zff\/o-festivalu\/tko-je-tko\/#breadcrumb","itemListElement":[{"@type":"ListItem","position":1,"name":"Home","item":"https:\/\/www.kioskstudio.net\/projekti\/zff\/"},{"@type":"ListItem","position":2,"name":"O festivalu","item":"https:\/\/www.kioskstudio.net\/projekti\/zff\/o-festivalu\/"},{"@type":"ListItem","position":3,"name":"Tko je tko"}]},{"@type":"WebSite","@id":"https:\/\/www.kioskstudio.net\/projekti\/zff\/#website","url":"https:\/\/www.kioskstudio.net\/projekti\/zff\/","name":"Zagreb Film Festival","description":"","potentialAction":[{"@type":"SearchAction","target":{"@type":"EntryPoint","urlTemplate":"https:\/\/www.kioskstudio.net\/projekti\/zff\/?s={search_term_string}"},"query-input":{"@type":"PropertyValueSpecification","valueRequired":true,"valueName":"search_term_string"}}],"inLanguage":"en-US"}]}},"lang":"hr","translations":{"hr":6309,"en":7447},"pll_sync_post":[],"_links":{"self":[{"href":"https:\/\/www.kioskstudio.net\/projekti\/zff\/wp-json\/wp\/v2\/pages\/6309","targetHints":{"allow":["GET"]}}],"collection":[{"href":"https:\/\/www.kioskstudio.net\/projekti\/zff\/wp-json\/wp\/v2\/pages"}],"about":[{"href":"https:\/\/www.kioskstudio.net\/projekti\/zff\/wp-json\/wp\/v2\/types\/page"}],"author":[{"embeddable":true,"href":"https:\/\/www.kioskstudio.net\/projekti\/zff\/wp-json\/wp\/v2\/users\/1"}],"replies":[{"embeddable":true,"href":"https:\/\/www.kioskstudio.net\/projekti\/zff\/wp-json\/wp\/v2\/comments?post=6309"}],"version-history":[{"count":89,"href":"https:\/\/www.kioskstudio.net\/projekti\/zff\/wp-json\/wp\/v2\/pages\/6309\/revisions"}],"predecessor-version":[{"id":7609,"href":"https:\/\/www.kioskstudio.net\/projekti\/zff\/wp-json\/wp\/v2\/pages\/6309\/revisions\/7609"}],"up":[{"embeddable":true,"href":"https:\/\/www.kioskstudio.net\/projekti\/zff\/wp-json\/wp\/v2\/pages\/6653"}],"wp:attachment":[{"href":"https:\/\/www.kioskstudio.net\/projekti\/zff\/wp-json\/wp\/v2\/media?parent=6309"}],"curies":[{"name":"wp","href":"https:\/\/api.w.org\/{rel}","templated":true}]}}