{"id":6319,"date":"2025-04-22T16:22:33","date_gmt":"2025-04-22T14:22:33","guid":{"rendered":"https:\/\/www.kioskstudio.net\/projekti\/zff\/?page_id=6319"},"modified":"2025-06-18T15:06:11","modified_gmt":"2025-06-18T13:06:11","slug":"zeleni-zff","status":"publish","type":"page","link":"https:\/\/www.kioskstudio.net\/projekti\/zff\/o-festivalu\/zeleni-zff\/","title":{"rendered":"Zeleni ZFF"},"content":{"rendered":"<div class=\"wpb-content-wrapper\"><p>[vc_row gap=&#8221;35&#8243; css=&#8221;.vc_custom_1581509401102{margin-right: -5% !important;margin-bottom: 70px !important;margin-left: -5% !important;}&#8221;][vc_column][vc_row_inner][vc_column_inner offset=&#8221;vc_hidden-lg vc_hidden-md&#8221;][vc_empty_space height=&#8221;40px&#8221;][\/vc_column_inner][\/vc_row_inner][vc_row_inner css=&#8221;.vc_custom_1581955016841{margin-bottom: 35px !important;}&#8221;][vc_column_inner offset=&#8221;vc_col-lg-2 vc_col-md-2 vc_col-xs-12&#8243;][\/vc_column_inner][vc_column_inner offset=&#8221;vc_col-lg-8 vc_col-md-8 vc_col-xs-12&#8243;]<div class=\"gt-heading gt-style-1 gt-light gt-align-center\"><h5 class=\"gt-title\">\u010cetvrtu godinu ZFF obla\u010di zeleni pla\u0161t i pod sloganom Recikliramo sve osim filmova nastavlja svoju ekolo\u0161ku misiju.<\/h5><\/div>[\/vc_column_inner][vc_column_inner offset=&#8221;vc_col-lg-2 vc_col-md-2 vc_col-xs-12&#8243;][\/vc_column_inner][\/vc_row_inner][vc_row_inner][vc_column_inner offset=&#8221;vc_hidden-lg vc_hidden-md&#8221;][vc_column_text]<span style=\"font-size: 19px;\">U prethodnim izdanjima tiskane publikacije poslane su u digitalni svemir \u2015 plakati i pozivnice isklju\u010divo su digitalni, a programsku knji\u017eicu zamijenili su web stranica i mobilna aplikacija. Rad na razvoju zelenih praksi ZFF nastavlja i ove godine u suradnji s prijateljima i partnerima. Zahvaljuju\u0107i <em><strong>Carwizu<\/strong><\/em>, festival \u0107e se koristiti hibridnim automobilima kao slu\u017ebenim vozilima, \u010dime \u0107e se posti\u0107i smanjenje negativnih emisija CO2 u pripremama, <\/span><span style=\"font-size: 19px;\">ali i za vrijeme ovogodi\u0161njeg izdanja, a uz pomo\u0107 tvrtke <\/span><em style=\"font-size: 19px;\"><strong>FED<\/strong><\/em><span style=\"font-size: 19px;\"> reciklirat \u0107e se potro\u0161ni promotivni materijali. ZFF \u0107e, u suradnji s tvrtkom <\/span><em style=\"font-size: 19px;\"><strong>Nextbike<\/strong><\/em><span style=\"font-size: 19px;\">, osigurati sustav javnih bicikala kako bi gosti i zaposlenici na ekolo\u0161ki prihvatljiv na\u010din mogli brzo obilaziti festivalske lokacije. Kao poklone gostima, <\/span><em style=\"font-size: 19px;\"><strong>Bio Boutique<\/strong><\/em><span style=\"font-size: 19px;\"> osigurava organsku liniju kozmeti\u010dkih proizvoda, dok \u0107e finim organskim zalogajima festival opskrbiti <\/span><em style=\"font-size: 19px;\"><strong>Bio &amp; Bio<\/strong><\/em><span style=\"font-size: 19px;\">.<\/span>[\/vc_column_text][\/vc_column_inner][\/vc_row_inner][\/vc_column][vc_column width=&#8221;1\/2&#8243; css=&#8221;.vc_custom_1745505058728{padding-right: 5% !important;padding-left: 5% !important;}&#8221; offset=&#8221;vc_hidden-sm vc_hidden-xs&#8221;][vc_column_text]<span style=\"font-size: 19px;\">U prethodnim izdanjima tiskane publikacije poslane su u digitalni svemir \u2015 plakati i pozivnice isklju\u010divo su digitalni, a programsku knji\u017eicu zamijenili su web stranica i mobilna aplikacija. Rad na razvoju zelenih praksi ZFF nastavlja i ove godine u suradnji s prijateljima i partnerima. Zahvaljuju\u0107i <em><strong>Carwizu<\/strong><\/em>, festival \u0107e se koristiti hibridnim automobilima kao slu\u017ebenim vozilima, \u010dime \u0107e se posti\u0107i smanjenje negativnih emisija CO2 u pripremama,<\/span>[\/vc_column_text][\/vc_column][vc_column width=&#8221;1\/2&#8243; css=&#8221;.vc_custom_1745505065591{padding-right: 5% !important;padding-left: 5% !important;}&#8221; offset=&#8221;vc_hidden-sm vc_hidden-xs&#8221;][vc_column_text]<span style=\"font-size: 19px;\"> ali i za vrijeme ovogodi\u0161njeg izdanja, a uz pomo\u0107 tvrtke <em><strong>FED<\/strong><\/em> reciklirat \u0107e se potro\u0161ni promotivni materijali. ZFF \u0107e, u suradnji s tvrtkom <em><strong>Nextbike<\/strong><\/em>, osigurati sustav javnih bicikala kako bi gosti i zaposlenici na ekolo\u0161ki prihvatljiv na\u010din mogli brzo obilaziti festivalske lokacije. Kao poklone gostima, <em><strong>Bio Boutique<\/strong><\/em> osigurava organsku liniju kozmeti\u010dkih proizvoda, dok \u0107e finim organskim zalogajima festival opskrbiti <em><strong>Bio &amp; Bio<\/strong><\/em>.<\/span>[\/vc_column_text][\/vc_column][\/vc_row]<\/p>\n<\/div>","protected":false},"excerpt":{"rendered":"<p>[vc_row gap=&#8221;35&#8243; css=&#8221;.vc_custom_1581509401102{margin-right: -5% !important;margin-bottom: 70px !important;margin-left: -5% !important;}&#8221;][vc_column][vc_row_inner][vc_column_inner offset=&#8221;vc_hidden-lg vc_hidden-md&#8221;][vc_empty_space height=&#8221;40px&#8221;][\/vc_column_inner][\/vc_row_inner][vc_row_inner css=&#8221;.vc_custom_1581955016841{margin-bottom: 35px !important;}&#8221;][vc_column_inner offset=&#8221;vc_col-lg-2 vc_col-md-2 vc_col-xs-12&#8243;][\/vc_column_inner][vc_column_inner offset=&#8221;vc_col-lg-8 vc_col-md-8 vc_col-xs-12&#8243;][\/vc_column_inner][vc_column_inner offset=&#8221;vc_col-lg-2 vc_col-md-2 vc_col-xs-12&#8243;][\/vc_column_inner][\/vc_row_inner][vc_row_inner][vc_column_inner offset=&#8221;vc_hidden-lg vc_hidden-md&#8221;][vc_column_text]U prethodnim izdanjima tiskane publikacije poslane su u digitalni svemir \u2015 plakati i pozivnice isklju\u010divo su digitalni, a programsku knji\u017eicu zamijenili su web&#8230;<\/p>\n","protected":false},"author":1,"featured_media":0,"parent":6653,"menu_order":0,"comment_status":"closed","ping_status":"closed","template":"","meta":{"_acf_changed":false,"inline_featured_image":false,"footnotes":""},"class_list":["post-6319","page","type-page","status-publish","hentry"],"acf":[],"yoast_head":"<!-- This site is optimized with the Yoast SEO plugin v25.5 - https:\/\/yoast.com\/wordpress\/plugins\/seo\/ -->\n<title>Zeleni ZFF - Zagreb Film Festival<\/title>\n<meta name=\"robots\" content=\"noindex, follow, max-snippet:-1, max-image-preview:large, max-video-preview:-1\" \/>\n<meta property=\"og:locale\" content=\"en_US\" \/>\n<meta property=\"og:type\" content=\"article\" \/>\n<meta property=\"og:title\" content=\"Zeleni ZFF - Zagreb Film Festival\" \/>\n<meta property=\"og:description\" content=\"[vc_row gap=&#8221;35&#8243; css=&#8221;.vc_custom_1581509401102{margin-right: -5% !important;margin-bottom: 70px !important;margin-left: -5% !important;}&#8221;][vc_column][vc_row_inner][vc_column_inner offset=&#8221;vc_hidden-lg vc_hidden-md&#8221;][vc_empty_space height=&#8221;40px&#8221;][\/vc_column_inner][\/vc_row_inner][vc_row_inner css=&#8221;.vc_custom_1581955016841{margin-bottom: 35px !important;}&#8221;][vc_column_inner offset=&#8221;vc_col-lg-2 vc_col-md-2 vc_col-xs-12&#8243;][\/vc_column_inner][vc_column_inner offset=&#8221;vc_col-lg-8 vc_col-md-8 vc_col-xs-12&#8243;][\/vc_column_inner][vc_column_inner offset=&#8221;vc_col-lg-2 vc_col-md-2 vc_col-xs-12&#8243;][\/vc_column_inner][\/vc_row_inner][vc_row_inner][vc_column_inner offset=&#8221;vc_hidden-lg vc_hidden-md&#8221;][vc_column_text]U prethodnim izdanjima tiskane publikacije poslane su u digitalni svemir \u2015 plakati i pozivnice isklju\u010divo su digitalni, a programsku knji\u017eicu zamijenili su web...\" \/>\n<meta property=\"og:url\" content=\"https:\/\/www.kioskstudio.net\/projekti\/zff\/o-festivalu\/zeleni-zff\/\" \/>\n<meta property=\"og:site_name\" content=\"Zagreb Film Festival\" \/>\n<meta property=\"article:modified_time\" content=\"2025-06-18T13:06:11+00:00\" \/>\n<meta name=\"twitter:card\" content=\"summary_large_image\" \/>\n<meta name=\"twitter:label1\" content=\"Est. reading time\" \/>\n\t<meta name=\"twitter:data1\" content=\"2 minutes\" \/>\n<script type=\"application\/ld+json\" class=\"yoast-schema-graph\">{\"@context\":\"https:\/\/schema.org\",\"@graph\":[{\"@type\":\"WebPage\",\"@id\":\"https:\/\/www.kioskstudio.net\/projekti\/zff\/o-festivalu\/zeleni-zff\/\",\"url\":\"https:\/\/www.kioskstudio.net\/projekti\/zff\/o-festivalu\/zeleni-zff\/\",\"name\":\"Zeleni ZFF - Zagreb Film Festival\",\"isPartOf\":{\"@id\":\"https:\/\/www.kioskstudio.net\/projekti\/zff\/#website\"},\"datePublished\":\"2025-04-22T14:22:33+00:00\",\"dateModified\":\"2025-06-18T13:06:11+00:00\",\"breadcrumb\":{\"@id\":\"https:\/\/www.kioskstudio.net\/projekti\/zff\/o-festivalu\/zeleni-zff\/#breadcrumb\"},\"inLanguage\":\"en-US\",\"potentialAction\":[{\"@type\":\"ReadAction\",\"target\":[\"https:\/\/www.kioskstudio.net\/projekti\/zff\/o-festivalu\/zeleni-zff\/\"]}]},{\"@type\":\"BreadcrumbList\",\"@id\":\"https:\/\/www.kioskstudio.net\/projekti\/zff\/o-festivalu\/zeleni-zff\/#breadcrumb\",\"itemListElement\":[{\"@type\":\"ListItem\",\"position\":1,\"name\":\"Home\",\"item\":\"https:\/\/www.kioskstudio.net\/projekti\/zff\/\"},{\"@type\":\"ListItem\",\"position\":2,\"name\":\"O festivalu\",\"item\":\"https:\/\/www.kioskstudio.net\/projekti\/zff\/o-festivalu\/\"},{\"@type\":\"ListItem\",\"position\":3,\"name\":\"Zeleni ZFF\"}]},{\"@type\":\"WebSite\",\"@id\":\"https:\/\/www.kioskstudio.net\/projekti\/zff\/#website\",\"url\":\"https:\/\/www.kioskstudio.net\/projekti\/zff\/\",\"name\":\"Zagreb Film Festival\",\"description\":\"\",\"potentialAction\":[{\"@type\":\"SearchAction\",\"target\":{\"@type\":\"EntryPoint\",\"urlTemplate\":\"https:\/\/www.kioskstudio.net\/projekti\/zff\/?s={search_term_string}\"},\"query-input\":{\"@type\":\"PropertyValueSpecification\",\"valueRequired\":true,\"valueName\":\"search_term_string\"}}],\"inLanguage\":\"en-US\"}]}<\/script>\n<!-- \/ Yoast SEO plugin. -->","yoast_head_json":{"title":"Zeleni ZFF - Zagreb Film Festival","robots":{"index":"noindex","follow":"follow","max-snippet":"max-snippet:-1","max-image-preview":"max-image-preview:large","max-video-preview":"max-video-preview:-1"},"og_locale":"en_US","og_type":"article","og_title":"Zeleni ZFF - Zagreb Film Festival","og_description":"[vc_row gap=&#8221;35&#8243; css=&#8221;.vc_custom_1581509401102{margin-right: -5% !important;margin-bottom: 70px !important;margin-left: -5% !important;}&#8221;][vc_column][vc_row_inner][vc_column_inner offset=&#8221;vc_hidden-lg vc_hidden-md&#8221;][vc_empty_space height=&#8221;40px&#8221;][\/vc_column_inner][\/vc_row_inner][vc_row_inner css=&#8221;.vc_custom_1581955016841{margin-bottom: 35px !important;}&#8221;][vc_column_inner offset=&#8221;vc_col-lg-2 vc_col-md-2 vc_col-xs-12&#8243;][\/vc_column_inner][vc_column_inner offset=&#8221;vc_col-lg-8 vc_col-md-8 vc_col-xs-12&#8243;][\/vc_column_inner][vc_column_inner offset=&#8221;vc_col-lg-2 vc_col-md-2 vc_col-xs-12&#8243;][\/vc_column_inner][\/vc_row_inner][vc_row_inner][vc_column_inner offset=&#8221;vc_hidden-lg vc_hidden-md&#8221;][vc_column_text]U prethodnim izdanjima tiskane publikacije poslane su u digitalni svemir \u2015 plakati i pozivnice isklju\u010divo su digitalni, a programsku knji\u017eicu zamijenili su web...","og_url":"https:\/\/www.kioskstudio.net\/projekti\/zff\/o-festivalu\/zeleni-zff\/","og_site_name":"Zagreb Film Festival","article_modified_time":"2025-06-18T13:06:11+00:00","twitter_card":"summary_large_image","twitter_misc":{"Est. reading time":"2 minutes"},"schema":{"@context":"https:\/\/schema.org","@graph":[{"@type":"WebPage","@id":"https:\/\/www.kioskstudio.net\/projekti\/zff\/o-festivalu\/zeleni-zff\/","url":"https:\/\/www.kioskstudio.net\/projekti\/zff\/o-festivalu\/zeleni-zff\/","name":"Zeleni ZFF - Zagreb Film Festival","isPartOf":{"@id":"https:\/\/www.kioskstudio.net\/projekti\/zff\/#website"},"datePublished":"2025-04-22T14:22:33+00:00","dateModified":"2025-06-18T13:06:11+00:00","breadcrumb":{"@id":"https:\/\/www.kioskstudio.net\/projekti\/zff\/o-festivalu\/zeleni-zff\/#breadcrumb"},"inLanguage":"en-US","potentialAction":[{"@type":"ReadAction","target":["https:\/\/www.kioskstudio.net\/projekti\/zff\/o-festivalu\/zeleni-zff\/"]}]},{"@type":"BreadcrumbList","@id":"https:\/\/www.kioskstudio.net\/projekti\/zff\/o-festivalu\/zeleni-zff\/#breadcrumb","itemListElement":[{"@type":"ListItem","position":1,"name":"Home","item":"https:\/\/www.kioskstudio.net\/projekti\/zff\/"},{"@type":"ListItem","position":2,"name":"O festivalu","item":"https:\/\/www.kioskstudio.net\/projekti\/zff\/o-festivalu\/"},{"@type":"ListItem","position":3,"name":"Zeleni ZFF"}]},{"@type":"WebSite","@id":"https:\/\/www.kioskstudio.net\/projekti\/zff\/#website","url":"https:\/\/www.kioskstudio.net\/projekti\/zff\/","name":"Zagreb Film Festival","description":"","potentialAction":[{"@type":"SearchAction","target":{"@type":"EntryPoint","urlTemplate":"https:\/\/www.kioskstudio.net\/projekti\/zff\/?s={search_term_string}"},"query-input":{"@type":"PropertyValueSpecification","valueRequired":true,"valueName":"search_term_string"}}],"inLanguage":"en-US"}]}},"lang":"hr","translations":{"hr":6319,"en":7460},"pll_sync_post":[],"_links":{"self":[{"href":"https:\/\/www.kioskstudio.net\/projekti\/zff\/wp-json\/wp\/v2\/pages\/6319","targetHints":{"allow":["GET"]}}],"collection":[{"href":"https:\/\/www.kioskstudio.net\/projekti\/zff\/wp-json\/wp\/v2\/pages"}],"about":[{"href":"https:\/\/www.kioskstudio.net\/projekti\/zff\/wp-json\/wp\/v2\/types\/page"}],"author":[{"embeddable":true,"href":"https:\/\/www.kioskstudio.net\/projekti\/zff\/wp-json\/wp\/v2\/users\/1"}],"replies":[{"embeddable":true,"href":"https:\/\/www.kioskstudio.net\/projekti\/zff\/wp-json\/wp\/v2\/comments?post=6319"}],"version-history":[{"count":6,"href":"https:\/\/www.kioskstudio.net\/projekti\/zff\/wp-json\/wp\/v2\/pages\/6319\/revisions"}],"predecessor-version":[{"id":6717,"href":"https:\/\/www.kioskstudio.net\/projekti\/zff\/wp-json\/wp\/v2\/pages\/6319\/revisions\/6717"}],"up":[{"embeddable":true,"href":"https:\/\/www.kioskstudio.net\/projekti\/zff\/wp-json\/wp\/v2\/pages\/6653"}],"wp:attachment":[{"href":"https:\/\/www.kioskstudio.net\/projekti\/zff\/wp-json\/wp\/v2\/media?parent=6319"}],"curies":[{"name":"wp","href":"https:\/\/api.w.org\/{rel}","templated":true}]}}