{"id":6564,"date":"2025-04-24T12:34:34","date_gmt":"2025-04-24T10:34:34","guid":{"rendered":"https:\/\/www.kioskstudio.net\/projekti\/zff\/?page_id=6564"},"modified":"2025-06-18T14:58:19","modified_gmt":"2025-06-18T12:58:19","slug":"nagrade","status":"publish","type":"page","link":"https:\/\/www.kioskstudio.net\/projekti\/zff\/o-festivalu\/nagrade\/","title":{"rendered":"Nagrade"},"content":{"rendered":"<div class=\"wpb-content-wrapper\"><p>[vc_row gap=&#8221;35&#8243; css=&#8221;.vc_custom_1581509401102{margin-right: -5% !important;margin-bottom: 70px !important;margin-left: -5% !important;}&#8221;][vc_column][vc_row_inner][vc_column_inner offset=&#8221;vc_hidden-lg vc_hidden-md&#8221;][vc_empty_space height=&#8221;40px&#8221;][\/vc_column_inner][\/vc_row_inner][vc_row_inner css=&#8221;.vc_custom_1581955016841{margin-bottom: 35px !important;}&#8221;][vc_column_inner offset=&#8221;vc_col-lg-2 vc_col-md-2 vc_col-xs-12&#8243;][\/vc_column_inner][vc_column_inner offset=&#8221;vc_col-lg-8 vc_col-md-8 vc_col-xs-12&#8243;]<div class=\"gt-heading gt-style-1 gt-light gt-align-center\"><h5 class=\"gt-title\">Zlatna kolica su nagrada Zagreb Film Festivala, a uz skulpturu autora Nedjeljka Mikca dodjeljuju se i nov\u010dana sredstva najboljima.<\/h5><\/div>[\/vc_column_inner][vc_column_inner offset=&#8221;vc_col-lg-2 vc_col-md-2 vc_col-xs-12&#8243;][\/vc_column_inner][\/vc_row_inner][\/vc_column][vc_column width=&#8221;1\/2&#8243; css=&#8221;.vc_custom_1581507890218{padding-right: 5% !important;padding-left: 5% !important;}&#8221;][vc_column_text]<\/p>\n<h6><strong>Zlatna kolica za najbolji dugometra\u017eni igrani film<\/strong><\/h6>\n<p>Redatelju najboljeg dugometra\u017enog igranog filma bit \u0107e uru\u010dena skulptura Zlatna kolica i nov\u010dana nagrada od 4.000 eura.<\/p>\n<h6><strong>Zlatna kolica za najbolji kratki igrani film<\/strong><\/h6>\n<p>Redatelju najboljeg kratkometra\u017enog igranog filma bit \u0107e uru\u010dena skulptura Zlatna kolica i nov\u010dana nagrada od 1.000 eura.<\/p>\n<h6><strong>Zlatna kolica za najbolji hrvatski film<br \/>\nu programu Kockice<\/strong><\/h6>\n<p>Redatelju najboljeg filma u programu Kockice bit \u0107e uru\u010dena skulptura Zlatna kolica te nov\u010dana nagrada u iznosu od 2.000 eura koju osiguravaju Dru\u0161tvo hrvatskih filmskih redatelja i ZFF.[\/vc_column_text][\/vc_column][vc_column width=&#8221;1\/2&#8243; css=&#8221;.vc_custom_1581507895442{padding-right: 5% !important;padding-left: 5% !important;}&#8221;][vc_column_text]<\/p>\n<h6><strong>Zlatni bicikl<\/strong><\/h6>\n<p>Za najbolji film u programu Ponovno s nama.<\/p>\n<h6><strong>PLUS nagrada<\/strong><\/h6>\n<p>Najbolji film prema odluci mladog \u017eirija.<\/p>\n<h6><strong>Adriatic Audience Award<br \/>\nMre\u017ee festivala Jadranske regije<\/strong><\/h6>\n<p>Uru\u010denje nagrade odr\u017eat \u0107e se na Festivalu autorskog filma u Beogradu.[\/vc_column_text][\/vc_column][\/vc_row]<\/p>\n<\/div>","protected":false},"excerpt":{"rendered":"<p>[vc_row gap=&#8221;35&#8243; css=&#8221;.vc_custom_1581509401102{margin-right: -5% !important;margin-bottom: 70px !important;margin-left: -5% !important;}&#8221;][vc_column][vc_row_inner][vc_column_inner offset=&#8221;vc_hidden-lg vc_hidden-md&#8221;][vc_empty_space height=&#8221;40px&#8221;][\/vc_column_inner][\/vc_row_inner][vc_row_inner css=&#8221;.vc_custom_1581955016841{margin-bottom: 35px !important;}&#8221;][vc_column_inner offset=&#8221;vc_col-lg-2 vc_col-md-2 vc_col-xs-12&#8243;][\/vc_column_inner][vc_column_inner offset=&#8221;vc_col-lg-8 vc_col-md-8 vc_col-xs-12&#8243;][\/vc_column_inner][vc_column_inner offset=&#8221;vc_col-lg-2 vc_col-md-2 vc_col-xs-12&#8243;][\/vc_column_inner][\/vc_row_inner][\/vc_column][vc_column width=&#8221;1\/2&#8243; css=&#8221;.vc_custom_1581507890218{padding-right: 5% !important;padding-left: 5% !important;}&#8221;][vc_column_text] Zlatna kolica za najbolji dugometra\u017eni igrani film Redatelju najboljeg dugometra\u017enog igranog filma bit \u0107e uru\u010dena skulptura Zlatna kolica&#8230;<\/p>\n","protected":false},"author":2,"featured_media":0,"parent":6653,"menu_order":0,"comment_status":"closed","ping_status":"closed","template":"","meta":{"_acf_changed":false,"inline_featured_image":false,"footnotes":""},"class_list":["post-6564","page","type-page","status-publish","hentry"],"acf":[],"yoast_head":"<!-- This site is optimized with the Yoast SEO plugin v25.5 - https:\/\/yoast.com\/wordpress\/plugins\/seo\/ -->\n<title>Nagrade - Zagreb Film Festival<\/title>\n<meta name=\"robots\" content=\"noindex, follow, max-snippet:-1, max-image-preview:large, max-video-preview:-1\" \/>\n<meta property=\"og:locale\" content=\"en_US\" \/>\n<meta property=\"og:type\" content=\"article\" \/>\n<meta property=\"og:title\" content=\"Nagrade - Zagreb Film Festival\" \/>\n<meta property=\"og:description\" content=\"[vc_row gap=&#8221;35&#8243; css=&#8221;.vc_custom_1581509401102{margin-right: -5% !important;margin-bottom: 70px !important;margin-left: -5% !important;}&#8221;][vc_column][vc_row_inner][vc_column_inner offset=&#8221;vc_hidden-lg vc_hidden-md&#8221;][vc_empty_space height=&#8221;40px&#8221;][\/vc_column_inner][\/vc_row_inner][vc_row_inner css=&#8221;.vc_custom_1581955016841{margin-bottom: 35px !important;}&#8221;][vc_column_inner offset=&#8221;vc_col-lg-2 vc_col-md-2 vc_col-xs-12&#8243;][\/vc_column_inner][vc_column_inner offset=&#8221;vc_col-lg-8 vc_col-md-8 vc_col-xs-12&#8243;][\/vc_column_inner][vc_column_inner offset=&#8221;vc_col-lg-2 vc_col-md-2 vc_col-xs-12&#8243;][\/vc_column_inner][\/vc_row_inner][\/vc_column][vc_column width=&#8221;1\/2&#8243; css=&#8221;.vc_custom_1581507890218{padding-right: 5% !important;padding-left: 5% !important;}&#8221;][vc_column_text] Zlatna kolica za najbolji dugometra\u017eni igrani film Redatelju najboljeg dugometra\u017enog igranog filma bit \u0107e uru\u010dena skulptura Zlatna kolica...\" \/>\n<meta property=\"og:url\" content=\"https:\/\/www.kioskstudio.net\/projekti\/zff\/o-festivalu\/nagrade\/\" \/>\n<meta property=\"og:site_name\" content=\"Zagreb Film Festival\" \/>\n<meta property=\"article:modified_time\" content=\"2025-06-18T12:58:19+00:00\" \/>\n<meta name=\"twitter:card\" content=\"summary_large_image\" \/>\n<meta name=\"twitter:label1\" content=\"Est. reading time\" \/>\n\t<meta name=\"twitter:data1\" content=\"2 minutes\" \/>\n<script type=\"application\/ld+json\" class=\"yoast-schema-graph\">{\"@context\":\"https:\/\/schema.org\",\"@graph\":[{\"@type\":\"WebPage\",\"@id\":\"https:\/\/www.kioskstudio.net\/projekti\/zff\/o-festivalu\/nagrade\/\",\"url\":\"https:\/\/www.kioskstudio.net\/projekti\/zff\/o-festivalu\/nagrade\/\",\"name\":\"Nagrade - Zagreb Film Festival\",\"isPartOf\":{\"@id\":\"https:\/\/www.kioskstudio.net\/projekti\/zff\/#website\"},\"datePublished\":\"2025-04-24T10:34:34+00:00\",\"dateModified\":\"2025-06-18T12:58:19+00:00\",\"breadcrumb\":{\"@id\":\"https:\/\/www.kioskstudio.net\/projekti\/zff\/o-festivalu\/nagrade\/#breadcrumb\"},\"inLanguage\":\"en-US\",\"potentialAction\":[{\"@type\":\"ReadAction\",\"target\":[\"https:\/\/www.kioskstudio.net\/projekti\/zff\/o-festivalu\/nagrade\/\"]}]},{\"@type\":\"BreadcrumbList\",\"@id\":\"https:\/\/www.kioskstudio.net\/projekti\/zff\/o-festivalu\/nagrade\/#breadcrumb\",\"itemListElement\":[{\"@type\":\"ListItem\",\"position\":1,\"name\":\"Home\",\"item\":\"https:\/\/www.kioskstudio.net\/projekti\/zff\/\"},{\"@type\":\"ListItem\",\"position\":2,\"name\":\"O festivalu\",\"item\":\"https:\/\/www.kioskstudio.net\/projekti\/zff\/o-festivalu\/\"},{\"@type\":\"ListItem\",\"position\":3,\"name\":\"Nagrade\"}]},{\"@type\":\"WebSite\",\"@id\":\"https:\/\/www.kioskstudio.net\/projekti\/zff\/#website\",\"url\":\"https:\/\/www.kioskstudio.net\/projekti\/zff\/\",\"name\":\"Zagreb Film Festival\",\"description\":\"\",\"potentialAction\":[{\"@type\":\"SearchAction\",\"target\":{\"@type\":\"EntryPoint\",\"urlTemplate\":\"https:\/\/www.kioskstudio.net\/projekti\/zff\/?s={search_term_string}\"},\"query-input\":{\"@type\":\"PropertyValueSpecification\",\"valueRequired\":true,\"valueName\":\"search_term_string\"}}],\"inLanguage\":\"en-US\"}]}<\/script>\n<!-- \/ Yoast SEO plugin. -->","yoast_head_json":{"title":"Nagrade - Zagreb Film Festival","robots":{"index":"noindex","follow":"follow","max-snippet":"max-snippet:-1","max-image-preview":"max-image-preview:large","max-video-preview":"max-video-preview:-1"},"og_locale":"en_US","og_type":"article","og_title":"Nagrade - Zagreb Film Festival","og_description":"[vc_row gap=&#8221;35&#8243; css=&#8221;.vc_custom_1581509401102{margin-right: -5% !important;margin-bottom: 70px !important;margin-left: -5% !important;}&#8221;][vc_column][vc_row_inner][vc_column_inner offset=&#8221;vc_hidden-lg vc_hidden-md&#8221;][vc_empty_space height=&#8221;40px&#8221;][\/vc_column_inner][\/vc_row_inner][vc_row_inner css=&#8221;.vc_custom_1581955016841{margin-bottom: 35px !important;}&#8221;][vc_column_inner offset=&#8221;vc_col-lg-2 vc_col-md-2 vc_col-xs-12&#8243;][\/vc_column_inner][vc_column_inner offset=&#8221;vc_col-lg-8 vc_col-md-8 vc_col-xs-12&#8243;][\/vc_column_inner][vc_column_inner offset=&#8221;vc_col-lg-2 vc_col-md-2 vc_col-xs-12&#8243;][\/vc_column_inner][\/vc_row_inner][\/vc_column][vc_column width=&#8221;1\/2&#8243; css=&#8221;.vc_custom_1581507890218{padding-right: 5% !important;padding-left: 5% !important;}&#8221;][vc_column_text] Zlatna kolica za najbolji dugometra\u017eni igrani film Redatelju najboljeg dugometra\u017enog igranog filma bit \u0107e uru\u010dena skulptura Zlatna kolica...","og_url":"https:\/\/www.kioskstudio.net\/projekti\/zff\/o-festivalu\/nagrade\/","og_site_name":"Zagreb Film Festival","article_modified_time":"2025-06-18T12:58:19+00:00","twitter_card":"summary_large_image","twitter_misc":{"Est. reading time":"2 minutes"},"schema":{"@context":"https:\/\/schema.org","@graph":[{"@type":"WebPage","@id":"https:\/\/www.kioskstudio.net\/projekti\/zff\/o-festivalu\/nagrade\/","url":"https:\/\/www.kioskstudio.net\/projekti\/zff\/o-festivalu\/nagrade\/","name":"Nagrade - Zagreb Film Festival","isPartOf":{"@id":"https:\/\/www.kioskstudio.net\/projekti\/zff\/#website"},"datePublished":"2025-04-24T10:34:34+00:00","dateModified":"2025-06-18T12:58:19+00:00","breadcrumb":{"@id":"https:\/\/www.kioskstudio.net\/projekti\/zff\/o-festivalu\/nagrade\/#breadcrumb"},"inLanguage":"en-US","potentialAction":[{"@type":"ReadAction","target":["https:\/\/www.kioskstudio.net\/projekti\/zff\/o-festivalu\/nagrade\/"]}]},{"@type":"BreadcrumbList","@id":"https:\/\/www.kioskstudio.net\/projekti\/zff\/o-festivalu\/nagrade\/#breadcrumb","itemListElement":[{"@type":"ListItem","position":1,"name":"Home","item":"https:\/\/www.kioskstudio.net\/projekti\/zff\/"},{"@type":"ListItem","position":2,"name":"O festivalu","item":"https:\/\/www.kioskstudio.net\/projekti\/zff\/o-festivalu\/"},{"@type":"ListItem","position":3,"name":"Nagrade"}]},{"@type":"WebSite","@id":"https:\/\/www.kioskstudio.net\/projekti\/zff\/#website","url":"https:\/\/www.kioskstudio.net\/projekti\/zff\/","name":"Zagreb Film Festival","description":"","potentialAction":[{"@type":"SearchAction","target":{"@type":"EntryPoint","urlTemplate":"https:\/\/www.kioskstudio.net\/projekti\/zff\/?s={search_term_string}"},"query-input":{"@type":"PropertyValueSpecification","valueRequired":true,"valueName":"search_term_string"}}],"inLanguage":"en-US"}]}},"lang":"hr","translations":{"hr":6564,"en":7456},"pll_sync_post":[],"_links":{"self":[{"href":"https:\/\/www.kioskstudio.net\/projekti\/zff\/wp-json\/wp\/v2\/pages\/6564","targetHints":{"allow":["GET"]}}],"collection":[{"href":"https:\/\/www.kioskstudio.net\/projekti\/zff\/wp-json\/wp\/v2\/pages"}],"about":[{"href":"https:\/\/www.kioskstudio.net\/projekti\/zff\/wp-json\/wp\/v2\/types\/page"}],"author":[{"embeddable":true,"href":"https:\/\/www.kioskstudio.net\/projekti\/zff\/wp-json\/wp\/v2\/users\/2"}],"replies":[{"embeddable":true,"href":"https:\/\/www.kioskstudio.net\/projekti\/zff\/wp-json\/wp\/v2\/comments?post=6564"}],"version-history":[{"count":16,"href":"https:\/\/www.kioskstudio.net\/projekti\/zff\/wp-json\/wp\/v2\/pages\/6564\/revisions"}],"predecessor-version":[{"id":6568,"href":"https:\/\/www.kioskstudio.net\/projekti\/zff\/wp-json\/wp\/v2\/pages\/6564\/revisions\/6568"}],"up":[{"embeddable":true,"href":"https:\/\/www.kioskstudio.net\/projekti\/zff\/wp-json\/wp\/v2\/pages\/6653"}],"wp:attachment":[{"href":"https:\/\/www.kioskstudio.net\/projekti\/zff\/wp-json\/wp\/v2\/media?parent=6564"}],"curies":[{"name":"wp","href":"https:\/\/api.w.org\/{rel}","templated":true}]}}