{"id":6581,"date":"2025-04-24T13:08:50","date_gmt":"2025-04-24T11:08:50","guid":{"rendered":"https:\/\/www.kioskstudio.net\/projekti\/zff\/?page_id=6581"},"modified":"2025-07-11T11:07:29","modified_gmt":"2025-07-11T09:07:29","slug":"prijavi-film-2025","status":"publish","type":"page","link":"https:\/\/www.kioskstudio.net\/projekti\/zff\/prijavi-film-2025\/","title":{"rendered":"Prijavi film"},"content":{"rendered":"<div class=\"wpb-content-wrapper\"><p>[vc_row gap=&#8221;35&#8243; css=&#8221;.vc_custom_1745494899476{margin-right: -5% !important;margin-left: -5% !important;}&#8221;][vc_column][vc_row_inner][vc_column_inner offset=&#8221;vc_hidden-lg vc_hidden-md&#8221;][vc_empty_space height=&#8221;40px&#8221;][\/vc_column_inner][\/vc_row_inner][vc_row_inner css=&#8221;.vc_custom_1581955016841{margin-bottom: 35px !important;}&#8221;][vc_column_inner offset=&#8221;vc_col-lg-2 vc_col-md-2 vc_col-xs-12&#8243;][\/vc_column_inner][vc_column_inner offset=&#8221;vc_col-lg-8 vc_col-md-8 vc_col-xs-12&#8243;]<div class=\"gt-heading gt-style-1 gt-light gt-align-center\"><h5 class=\"gt-title\">Otvorene prijave za natjecateljske programe ZFF-a.<\/h5><\/div>[\/vc_column_inner][vc_column_inner offset=&#8221;vc_col-lg-2 vc_col-md-2 vc_col-xs-12&#8243;][\/vc_column_inner][\/vc_row_inner][\/vc_column][vc_column width=&#8221;1\/2&#8243; css=&#8221;.vc_custom_1581507890218{padding-right: 5% !important;padding-left: 5% !important;}&#8221;][vc_column_text]Zagreb, 24. o\u017eujka 2025.<\/p>\n<p>Dvadeset i tre\u0107e izdanje Zagreb Film Festivala odr\u017eat \u0107e se od 10. do 16. studenoga, a ovogodi\u0161nji natjecateljski program tradicionalno \u0107e donijeti izbor filmova novih me\u0111unarodnih i doma\u0107ih autora.<\/p>\n<p>Natje\u010daj za prijavu filmova za glavni natjecateljski program Festivala je otvoren.\u00a0<em><b>Rani rok za prijavu me\u0111unarodnih dugometra\u017enih i kratkih filmova je 1. travnja, dok je zadnji rok 30. lipnja. Rok za prijavu za konkurenciju doma\u0107ih kratkih filmova \u2013 program Kockice \u2013 je 17. rujna 2025.<\/b><\/em>\u00a0Filmovi u svim glavnim natjecateljskim programima konkuriraju za nagradu Zlatna kolica i nov\u010dane nagrade.<\/p>\n<p><b><em>Uvjeti za prijavu filmova i online prijavnica<\/em>\u00a0<\/b>dostupni su\u00a0<b><em><a href=\"https:\/\/www.kioskstudio.net\/projekti\/zff\/wp-content\/uploads\/2025\/07\/ZFF-2025-Terms-and-conditions_HR.docx.pdf\">ovdje<\/a><\/em>.<\/b>[\/vc_column_text][\/vc_column][vc_column width=&#8221;1\/2&#8243; css=&#8221;.vc_custom_1581507895442{padding-right: 5% !important;padding-left: 5% !important;}&#8221;][vc_column_text]<em><strong>ZFF<\/strong><\/em> je od svojih po\u010detaka usmjeren na predstavljanje i promociju debitantskih filmova i novih autora. U glavnom festivalskom programu svoje su prve filmove, me\u0111u ostalima, predstavili <em>Sofia Coppola<\/em>, <em>Taika Waititi<\/em>, <em>Radu Jude<\/em>, <em>Xavier Dolan<\/em>, <em>Debra Granik<\/em>, <em>Andrej Zvjagincev<\/em> i <em>Teona Strugar Mitevska<\/em>. Natjecateljski program Kockica publici je otkrio mnoge nove autore koji su kasnije stekli priznanje u nacionalnoj kinematografiji i na me\u0111unarodnoj festivalskoj sceni, me\u0111u kojima su Antoneta Alamat Kusijanovi\u0107, Sonja Taroki\u0107, Juraj Leroti\u0107, Hana Ju\u0161i\u0107, Josip \u017duvan, Dubravka Turi\u0107 i drugi.<\/p>\n<p>Festival financijski podupiru Ured za kulturu Grada Zagreba, Hrvatski audiovizualni centar, Potprogram MEDIA Programa Kreativne Europe, Zaklada kultura nova te Turisti\u010dka zajednica grada Zagreba.[\/vc_column_text][\/vc_column][\/vc_row][vc_row gap=&#8221;35&#8243; css=&#8221;.vc_custom_1745494929883{margin-right: -5% !important;margin-bottom: 40px !important;margin-left: -5% !important;}&#8221;][vc_column][vc_row_inner css=&#8221;.vc_custom_1581955016841{margin-bottom: 35px !important;}&#8221;][vc_column_inner offset=&#8221;vc_col-lg-2 vc_col-md-2 vc_col-xs-12&#8243;][\/vc_column_inner][vc_column_inner offset=&#8221;vc_col-lg-8 vc_col-md-8 vc_col-xs-12&#8243;]<div class=\"gt-image gt-align-center\"><img loading=\"lazy\" decoding=\"async\" width=\"202\" height=\"46\" src=\"https:\/\/www.kioskstudio.net\/projekti\/zff\/wp-content\/uploads\/2025\/05\/filmfreeway-logo-zff.svg\" class=\"attachment-full size-full\" alt=\"\" \/><\/div>[vc_empty_space height=&#8221;25px&#8221;]<div class=\"gt-button gt-style-4 gt-block gt-light gt-align-center\"><a href=\"https:\/\/filmfreeway.com\/ZagrebFilmFestival\" target=\"_blank\">SUBMIT ON FILMFREEWAY<\/a><\/div>[\/vc_column_inner][vc_column_inner offset=&#8221;vc_col-lg-2 vc_col-md-2 vc_col-xs-12&#8243;][\/vc_column_inner][\/vc_row_inner][\/vc_column][\/vc_row]<\/p>\n<\/div>","protected":false},"excerpt":{"rendered":"<p>[vc_row gap=&#8221;35&#8243; css=&#8221;.vc_custom_1745494899476{margin-right: -5% !important;margin-left: -5% !important;}&#8221;][vc_column][vc_row_inner][vc_column_inner offset=&#8221;vc_hidden-lg vc_hidden-md&#8221;][vc_empty_space height=&#8221;40px&#8221;][\/vc_column_inner][\/vc_row_inner][vc_row_inner css=&#8221;.vc_custom_1581955016841{margin-bottom: 35px !important;}&#8221;][vc_column_inner offset=&#8221;vc_col-lg-2 vc_col-md-2 vc_col-xs-12&#8243;][\/vc_column_inner][vc_column_inner offset=&#8221;vc_col-lg-8 vc_col-md-8 vc_col-xs-12&#8243;][\/vc_column_inner][vc_column_inner offset=&#8221;vc_col-lg-2 vc_col-md-2 vc_col-xs-12&#8243;][\/vc_column_inner][\/vc_row_inner][\/vc_column][vc_column width=&#8221;1\/2&#8243; css=&#8221;.vc_custom_1581507890218{padding-right: 5% !important;padding-left: 5% !important;}&#8221;][vc_column_text]Zagreb, 24. o\u017eujka 2025. Dvadeset i tre\u0107e izdanje Zagreb Film Festivala odr\u017eat \u0107e se od 10. do 16. studenoga, a ovogodi\u0161nji&#8230;<\/p>\n","protected":false},"author":2,"featured_media":0,"parent":0,"menu_order":0,"comment_status":"closed","ping_status":"closed","template":"","meta":{"_acf_changed":false,"inline_featured_image":false,"footnotes":""},"class_list":["post-6581","page","type-page","status-publish","hentry"],"acf":[],"yoast_head":"<!-- This site is optimized with the Yoast SEO plugin v25.5 - https:\/\/yoast.com\/wordpress\/plugins\/seo\/ -->\n<title>Prijavi film - Zagreb Film Festival<\/title>\n<meta name=\"robots\" content=\"noindex, follow, max-snippet:-1, max-image-preview:large, max-video-preview:-1\" \/>\n<meta property=\"og:locale\" content=\"en_US\" \/>\n<meta property=\"og:type\" content=\"article\" \/>\n<meta property=\"og:title\" content=\"Prijavi film - Zagreb Film Festival\" \/>\n<meta property=\"og:description\" content=\"[vc_row gap=&#8221;35&#8243; css=&#8221;.vc_custom_1745494899476{margin-right: -5% !important;margin-left: -5% !important;}&#8221;][vc_column][vc_row_inner][vc_column_inner offset=&#8221;vc_hidden-lg vc_hidden-md&#8221;][vc_empty_space height=&#8221;40px&#8221;][\/vc_column_inner][\/vc_row_inner][vc_row_inner css=&#8221;.vc_custom_1581955016841{margin-bottom: 35px !important;}&#8221;][vc_column_inner offset=&#8221;vc_col-lg-2 vc_col-md-2 vc_col-xs-12&#8243;][\/vc_column_inner][vc_column_inner offset=&#8221;vc_col-lg-8 vc_col-md-8 vc_col-xs-12&#8243;][\/vc_column_inner][vc_column_inner offset=&#8221;vc_col-lg-2 vc_col-md-2 vc_col-xs-12&#8243;][\/vc_column_inner][\/vc_row_inner][\/vc_column][vc_column width=&#8221;1\/2&#8243; css=&#8221;.vc_custom_1581507890218{padding-right: 5% !important;padding-left: 5% !important;}&#8221;][vc_column_text]Zagreb, 24. o\u017eujka 2025. Dvadeset i tre\u0107e izdanje Zagreb Film Festivala odr\u017eat \u0107e se od 10. do 16. studenoga, a ovogodi\u0161nji...\" \/>\n<meta property=\"og:url\" content=\"https:\/\/www.kioskstudio.net\/projekti\/zff\/prijavi-film-2025\/\" \/>\n<meta property=\"og:site_name\" content=\"Zagreb Film Festival\" \/>\n<meta property=\"article:modified_time\" content=\"2025-07-11T09:07:29+00:00\" \/>\n<meta name=\"twitter:card\" content=\"summary_large_image\" \/>\n<meta name=\"twitter:label1\" content=\"Est. reading time\" \/>\n\t<meta name=\"twitter:data1\" content=\"2 minutes\" \/>\n<script type=\"application\/ld+json\" class=\"yoast-schema-graph\">{\"@context\":\"https:\/\/schema.org\",\"@graph\":[{\"@type\":\"WebPage\",\"@id\":\"https:\/\/www.kioskstudio.net\/projekti\/zff\/prijavi-film-2025\/\",\"url\":\"https:\/\/www.kioskstudio.net\/projekti\/zff\/prijavi-film-2025\/\",\"name\":\"Prijavi film - Zagreb Film Festival\",\"isPartOf\":{\"@id\":\"https:\/\/www.kioskstudio.net\/projekti\/zff\/#website\"},\"datePublished\":\"2025-04-24T11:08:50+00:00\",\"dateModified\":\"2025-07-11T09:07:29+00:00\",\"breadcrumb\":{\"@id\":\"https:\/\/www.kioskstudio.net\/projekti\/zff\/prijavi-film-2025\/#breadcrumb\"},\"inLanguage\":\"en-US\",\"potentialAction\":[{\"@type\":\"ReadAction\",\"target\":[\"https:\/\/www.kioskstudio.net\/projekti\/zff\/prijavi-film-2025\/\"]}]},{\"@type\":\"BreadcrumbList\",\"@id\":\"https:\/\/www.kioskstudio.net\/projekti\/zff\/prijavi-film-2025\/#breadcrumb\",\"itemListElement\":[{\"@type\":\"ListItem\",\"position\":1,\"name\":\"Home\",\"item\":\"https:\/\/www.kioskstudio.net\/projekti\/zff\/\"},{\"@type\":\"ListItem\",\"position\":2,\"name\":\"Prijavi film\"}]},{\"@type\":\"WebSite\",\"@id\":\"https:\/\/www.kioskstudio.net\/projekti\/zff\/#website\",\"url\":\"https:\/\/www.kioskstudio.net\/projekti\/zff\/\",\"name\":\"Zagreb Film Festival\",\"description\":\"\",\"potentialAction\":[{\"@type\":\"SearchAction\",\"target\":{\"@type\":\"EntryPoint\",\"urlTemplate\":\"https:\/\/www.kioskstudio.net\/projekti\/zff\/?s={search_term_string}\"},\"query-input\":{\"@type\":\"PropertyValueSpecification\",\"valueRequired\":true,\"valueName\":\"search_term_string\"}}],\"inLanguage\":\"en-US\"}]}<\/script>\n<!-- \/ Yoast SEO plugin. -->","yoast_head_json":{"title":"Prijavi film - Zagreb Film Festival","robots":{"index":"noindex","follow":"follow","max-snippet":"max-snippet:-1","max-image-preview":"max-image-preview:large","max-video-preview":"max-video-preview:-1"},"og_locale":"en_US","og_type":"article","og_title":"Prijavi film - Zagreb Film Festival","og_description":"[vc_row gap=&#8221;35&#8243; css=&#8221;.vc_custom_1745494899476{margin-right: -5% !important;margin-left: -5% !important;}&#8221;][vc_column][vc_row_inner][vc_column_inner offset=&#8221;vc_hidden-lg vc_hidden-md&#8221;][vc_empty_space height=&#8221;40px&#8221;][\/vc_column_inner][\/vc_row_inner][vc_row_inner css=&#8221;.vc_custom_1581955016841{margin-bottom: 35px !important;}&#8221;][vc_column_inner offset=&#8221;vc_col-lg-2 vc_col-md-2 vc_col-xs-12&#8243;][\/vc_column_inner][vc_column_inner offset=&#8221;vc_col-lg-8 vc_col-md-8 vc_col-xs-12&#8243;][\/vc_column_inner][vc_column_inner offset=&#8221;vc_col-lg-2 vc_col-md-2 vc_col-xs-12&#8243;][\/vc_column_inner][\/vc_row_inner][\/vc_column][vc_column width=&#8221;1\/2&#8243; css=&#8221;.vc_custom_1581507890218{padding-right: 5% !important;padding-left: 5% !important;}&#8221;][vc_column_text]Zagreb, 24. o\u017eujka 2025. Dvadeset i tre\u0107e izdanje Zagreb Film Festivala odr\u017eat \u0107e se od 10. do 16. studenoga, a ovogodi\u0161nji...","og_url":"https:\/\/www.kioskstudio.net\/projekti\/zff\/prijavi-film-2025\/","og_site_name":"Zagreb Film Festival","article_modified_time":"2025-07-11T09:07:29+00:00","twitter_card":"summary_large_image","twitter_misc":{"Est. reading time":"2 minutes"},"schema":{"@context":"https:\/\/schema.org","@graph":[{"@type":"WebPage","@id":"https:\/\/www.kioskstudio.net\/projekti\/zff\/prijavi-film-2025\/","url":"https:\/\/www.kioskstudio.net\/projekti\/zff\/prijavi-film-2025\/","name":"Prijavi film - Zagreb Film Festival","isPartOf":{"@id":"https:\/\/www.kioskstudio.net\/projekti\/zff\/#website"},"datePublished":"2025-04-24T11:08:50+00:00","dateModified":"2025-07-11T09:07:29+00:00","breadcrumb":{"@id":"https:\/\/www.kioskstudio.net\/projekti\/zff\/prijavi-film-2025\/#breadcrumb"},"inLanguage":"en-US","potentialAction":[{"@type":"ReadAction","target":["https:\/\/www.kioskstudio.net\/projekti\/zff\/prijavi-film-2025\/"]}]},{"@type":"BreadcrumbList","@id":"https:\/\/www.kioskstudio.net\/projekti\/zff\/prijavi-film-2025\/#breadcrumb","itemListElement":[{"@type":"ListItem","position":1,"name":"Home","item":"https:\/\/www.kioskstudio.net\/projekti\/zff\/"},{"@type":"ListItem","position":2,"name":"Prijavi film"}]},{"@type":"WebSite","@id":"https:\/\/www.kioskstudio.net\/projekti\/zff\/#website","url":"https:\/\/www.kioskstudio.net\/projekti\/zff\/","name":"Zagreb Film Festival","description":"","potentialAction":[{"@type":"SearchAction","target":{"@type":"EntryPoint","urlTemplate":"https:\/\/www.kioskstudio.net\/projekti\/zff\/?s={search_term_string}"},"query-input":{"@type":"PropertyValueSpecification","valueRequired":true,"valueName":"search_term_string"}}],"inLanguage":"en-US"}]}},"lang":"hr","translations":{"hr":6581,"en":7466},"pll_sync_post":[],"_links":{"self":[{"href":"https:\/\/www.kioskstudio.net\/projekti\/zff\/wp-json\/wp\/v2\/pages\/6581","targetHints":{"allow":["GET"]}}],"collection":[{"href":"https:\/\/www.kioskstudio.net\/projekti\/zff\/wp-json\/wp\/v2\/pages"}],"about":[{"href":"https:\/\/www.kioskstudio.net\/projekti\/zff\/wp-json\/wp\/v2\/types\/page"}],"author":[{"embeddable":true,"href":"https:\/\/www.kioskstudio.net\/projekti\/zff\/wp-json\/wp\/v2\/users\/2"}],"replies":[{"embeddable":true,"href":"https:\/\/www.kioskstudio.net\/projekti\/zff\/wp-json\/wp\/v2\/comments?post=6581"}],"version-history":[{"count":18,"href":"https:\/\/www.kioskstudio.net\/projekti\/zff\/wp-json\/wp\/v2\/pages\/6581\/revisions"}],"predecessor-version":[{"id":7833,"href":"https:\/\/www.kioskstudio.net\/projekti\/zff\/wp-json\/wp\/v2\/pages\/6581\/revisions\/7833"}],"wp:attachment":[{"href":"https:\/\/www.kioskstudio.net\/projekti\/zff\/wp-json\/wp\/v2\/media?parent=6581"}],"curies":[{"name":"wp","href":"https:\/\/api.w.org\/{rel}","templated":true}]}}