{"id":6653,"date":"2025-04-24T15:55:49","date_gmt":"2025-04-24T13:55:49","guid":{"rendered":"https:\/\/www.kioskstudio.net\/projekti\/zff\/?page_id=6653"},"modified":"2025-06-18T14:17:43","modified_gmt":"2025-06-18T12:17:43","slug":"o-festivalu","status":"publish","type":"page","link":"https:\/\/www.kioskstudio.net\/projekti\/zff\/o-festivalu\/","title":{"rendered":"O festivalu"},"content":{"rendered":"<div class=\"wpb-content-wrapper\"><p>[vc_row gap=&#8221;35&#8243; css=&#8221;.vc_custom_1745504844538{margin-right: -5% !important;margin-bottom: 35px !important;margin-left: -5% !important;}&#8221;][vc_column][vc_row_inner][vc_column_inner offset=&#8221;vc_hidden-lg vc_hidden-md&#8221;][vc_empty_space height=&#8221;40px&#8221;][\/vc_column_inner][\/vc_row_inner][vc_row_inner css=&#8221;.vc_custom_1581955016841{margin-bottom: 35px !important;}&#8221;][vc_column_inner offset=&#8221;vc_col-lg-2 vc_col-md-2 vc_col-xs-12&#8243;][\/vc_column_inner][vc_column_inner offset=&#8221;vc_col-lg-8 vc_col-md-8 vc_col-xs-12&#8243;]<div class=\"gt-heading gt-style-1 gt-light gt-align-center\"><h5 class=\"gt-title\">Zagreb Film Festival jedna je od centralnih i najposje\u0107enijih kulturnih manifestacija te ujedno i najve\u0107i me\u0111unarodni filmski festival u Hrvatskoj.<\/h5><\/div>[\/vc_column_inner][vc_column_inner offset=&#8221;vc_col-lg-2 vc_col-md-2 vc_col-xs-12&#8243;][\/vc_column_inner][\/vc_row_inner][vc_row_inner][vc_column_inner offset=&#8221;vc_hidden-lg vc_hidden-md&#8221;][vc_column_text]Odr\u017eava se tijekom studenog u <em><strong>Zagrebu<\/strong><\/em> te publici predstavlja najbolje od recentne nezavisne me\u0111unarodne i doma\u0107e filmske produkcije. Od svojih po\u010detaka <em><strong>ZFF<\/strong><\/em> je usmjeren ka otkrivanju i promicanju suvremenog nezavisnog filma i debitantskih radova redatelj\/ica iz cijelog svijeta. Nude\u0107i tijekom gotovo dva desetlje\u0107a festivalsku, a kasnije i distribucijsku platformu, te prikazuju\u0107i ostvarenja koja \u010desto mimoilaze repertoare multipleks dvorana, festival je odigrao klju\u010dnu ulogu u odgajanju generacija publike koja u\u017eiva u filmskoj umjetnosti.<\/p>\n<p>Zagreb Film Festival<strong>\u00a0<\/strong>financijski podr\u017eavaju\u00a0<em><strong>Gradski ured za kulturu<\/strong><\/em>, <em><strong>me\u0111ugradsku i me\u0111unarodnu suradnju i civilno dru\u0161tvo<\/strong><\/em>, <em><strong>Hrvatski audiovizualni centar<\/strong><\/em>,\u00a0<em><strong>Kreativna Europa \u2013 potprogram MEDIA<\/strong><\/em>\u00a0i\u00a0<em><strong>Turisti\u010dka zajednica grada Zagreba<\/strong><\/em>.[\/vc_column_text][\/vc_column_inner][\/vc_row_inner][\/vc_column][vc_column width=&#8221;1\/2&#8243; css=&#8221;.vc_custom_1745504541737{padding-right: 5% !important;padding-left: 5% !important;}&#8221; offset=&#8221;vc_hidden-sm vc_hidden-xs&#8221;][vc_column_text]Odr\u017eava se tijekom studenog u <em><strong>Zagrebu<\/strong><\/em> te publici predstavlja najbolje od recentne nezavisne me\u0111unarodne i doma\u0107e filmske produkcije. Od svojih po\u010detaka <em><strong>ZFF<\/strong><\/em> je usmjeren ka otkrivanju i promicanju suvremenog nezavisnog filma i debitantskih radova redatelj\/ica iz cijelog svijeta. Nude\u0107i tijekom gotovo dva desetlje\u0107a festivalsku, a kasnije i distribucijsku platformu, te prikazuju\u0107i ostvarenja koja \u010desto mimoilaze repertoare multipleks dvorana,[\/vc_column_text][\/vc_column][vc_column width=&#8221;1\/2&#8243; css=&#8221;.vc_custom_1745504548585{padding-right: 5% !important;padding-left: 5% !important;}&#8221; offset=&#8221;vc_hidden-sm vc_hidden-xs&#8221;][vc_column_text]festival je odigrao klju\u010dnu ulogu u odgajanju generacija publike koja u\u017eiva u filmskoj umjetnosti.<\/p>\n<p>Zagreb Film Festival<strong>\u00a0<\/strong>financijski podr\u017eavaju\u00a0<em><strong>Gradski ured za kulturu<\/strong><\/em>, <em><strong>me\u0111ugradsku i me\u0111unarodnu suradnju i civilno dru\u0161tvo<\/strong><\/em>, <em><strong>Hrvatski audiovizualni centar<\/strong><\/em>,\u00a0<em><strong>Kreativna Europa \u2013 potprogram MEDIA<\/strong><\/em>\u00a0i\u00a0<em><strong>Turisti\u010dka zajednica grada Zagreba<\/strong><\/em>.[\/vc_column_text][\/vc_column][\/vc_row]<\/p>\n<\/div>","protected":false},"excerpt":{"rendered":"<p>[vc_row gap=&#8221;35&#8243; css=&#8221;.vc_custom_1745504844538{margin-right: -5% !important;margin-bottom: 35px !important;margin-left: -5% !important;}&#8221;][vc_column][vc_row_inner][vc_column_inner offset=&#8221;vc_hidden-lg vc_hidden-md&#8221;][vc_empty_space height=&#8221;40px&#8221;][\/vc_column_inner][\/vc_row_inner][vc_row_inner css=&#8221;.vc_custom_1581955016841{margin-bottom: 35px !important;}&#8221;][vc_column_inner offset=&#8221;vc_col-lg-2 vc_col-md-2 vc_col-xs-12&#8243;][\/vc_column_inner][vc_column_inner offset=&#8221;vc_col-lg-8 vc_col-md-8 vc_col-xs-12&#8243;][\/vc_column_inner][vc_column_inner offset=&#8221;vc_col-lg-2 vc_col-md-2 vc_col-xs-12&#8243;][\/vc_column_inner][\/vc_row_inner][vc_row_inner][vc_column_inner offset=&#8221;vc_hidden-lg vc_hidden-md&#8221;][vc_column_text]Odr\u017eava se tijekom studenog u Zagrebu te publici predstavlja najbolje od recentne nezavisne me\u0111unarodne i doma\u0107e filmske produkcije. Od svojih po\u010detaka ZFF je&#8230;<\/p>\n","protected":false},"author":2,"featured_media":0,"parent":0,"menu_order":0,"comment_status":"closed","ping_status":"closed","template":"","meta":{"_acf_changed":false,"inline_featured_image":false,"footnotes":""},"class_list":["post-6653","page","type-page","status-publish","hentry"],"acf":[],"yoast_head":"<!-- This site is optimized with the Yoast SEO plugin v25.5 - https:\/\/yoast.com\/wordpress\/plugins\/seo\/ -->\n<title>O festivalu - Zagreb Film Festival<\/title>\n<meta name=\"robots\" content=\"noindex, follow, max-snippet:-1, max-image-preview:large, max-video-preview:-1\" \/>\n<meta property=\"og:locale\" content=\"en_US\" \/>\n<meta property=\"og:type\" content=\"article\" \/>\n<meta property=\"og:title\" content=\"O festivalu - Zagreb Film Festival\" \/>\n<meta property=\"og:description\" content=\"[vc_row gap=&#8221;35&#8243; css=&#8221;.vc_custom_1745504844538{margin-right: -5% !important;margin-bottom: 35px !important;margin-left: -5% !important;}&#8221;][vc_column][vc_row_inner][vc_column_inner offset=&#8221;vc_hidden-lg vc_hidden-md&#8221;][vc_empty_space height=&#8221;40px&#8221;][\/vc_column_inner][\/vc_row_inner][vc_row_inner css=&#8221;.vc_custom_1581955016841{margin-bottom: 35px !important;}&#8221;][vc_column_inner offset=&#8221;vc_col-lg-2 vc_col-md-2 vc_col-xs-12&#8243;][\/vc_column_inner][vc_column_inner offset=&#8221;vc_col-lg-8 vc_col-md-8 vc_col-xs-12&#8243;][\/vc_column_inner][vc_column_inner offset=&#8221;vc_col-lg-2 vc_col-md-2 vc_col-xs-12&#8243;][\/vc_column_inner][\/vc_row_inner][vc_row_inner][vc_column_inner offset=&#8221;vc_hidden-lg vc_hidden-md&#8221;][vc_column_text]Odr\u017eava se tijekom studenog u Zagrebu te publici predstavlja najbolje od recentne nezavisne me\u0111unarodne i doma\u0107e filmske produkcije. Od svojih po\u010detaka ZFF je...\" \/>\n<meta property=\"og:url\" content=\"https:\/\/www.kioskstudio.net\/projekti\/zff\/o-festivalu\/\" \/>\n<meta property=\"og:site_name\" content=\"Zagreb Film Festival\" \/>\n<meta property=\"article:modified_time\" content=\"2025-06-18T12:17:43+00:00\" \/>\n<meta name=\"twitter:card\" content=\"summary_large_image\" \/>\n<meta name=\"twitter:label1\" content=\"Est. reading time\" \/>\n\t<meta name=\"twitter:data1\" content=\"2 minutes\" \/>\n<script type=\"application\/ld+json\" class=\"yoast-schema-graph\">{\"@context\":\"https:\/\/schema.org\",\"@graph\":[{\"@type\":\"WebPage\",\"@id\":\"https:\/\/www.kioskstudio.net\/projekti\/zff\/o-festivalu\/\",\"url\":\"https:\/\/www.kioskstudio.net\/projekti\/zff\/o-festivalu\/\",\"name\":\"O festivalu - Zagreb Film Festival\",\"isPartOf\":{\"@id\":\"https:\/\/www.kioskstudio.net\/projekti\/zff\/#website\"},\"datePublished\":\"2025-04-24T13:55:49+00:00\",\"dateModified\":\"2025-06-18T12:17:43+00:00\",\"breadcrumb\":{\"@id\":\"https:\/\/www.kioskstudio.net\/projekti\/zff\/o-festivalu\/#breadcrumb\"},\"inLanguage\":\"en-US\",\"potentialAction\":[{\"@type\":\"ReadAction\",\"target\":[\"https:\/\/www.kioskstudio.net\/projekti\/zff\/o-festivalu\/\"]}]},{\"@type\":\"BreadcrumbList\",\"@id\":\"https:\/\/www.kioskstudio.net\/projekti\/zff\/o-festivalu\/#breadcrumb\",\"itemListElement\":[{\"@type\":\"ListItem\",\"position\":1,\"name\":\"Home\",\"item\":\"https:\/\/www.kioskstudio.net\/projekti\/zff\/\"},{\"@type\":\"ListItem\",\"position\":2,\"name\":\"O festivalu\"}]},{\"@type\":\"WebSite\",\"@id\":\"https:\/\/www.kioskstudio.net\/projekti\/zff\/#website\",\"url\":\"https:\/\/www.kioskstudio.net\/projekti\/zff\/\",\"name\":\"Zagreb Film Festival\",\"description\":\"\",\"potentialAction\":[{\"@type\":\"SearchAction\",\"target\":{\"@type\":\"EntryPoint\",\"urlTemplate\":\"https:\/\/www.kioskstudio.net\/projekti\/zff\/?s={search_term_string}\"},\"query-input\":{\"@type\":\"PropertyValueSpecification\",\"valueRequired\":true,\"valueName\":\"search_term_string\"}}],\"inLanguage\":\"en-US\"}]}<\/script>\n<!-- \/ Yoast SEO plugin. -->","yoast_head_json":{"title":"O festivalu - Zagreb Film Festival","robots":{"index":"noindex","follow":"follow","max-snippet":"max-snippet:-1","max-image-preview":"max-image-preview:large","max-video-preview":"max-video-preview:-1"},"og_locale":"en_US","og_type":"article","og_title":"O festivalu - Zagreb Film Festival","og_description":"[vc_row gap=&#8221;35&#8243; css=&#8221;.vc_custom_1745504844538{margin-right: -5% !important;margin-bottom: 35px !important;margin-left: -5% !important;}&#8221;][vc_column][vc_row_inner][vc_column_inner offset=&#8221;vc_hidden-lg vc_hidden-md&#8221;][vc_empty_space height=&#8221;40px&#8221;][\/vc_column_inner][\/vc_row_inner][vc_row_inner css=&#8221;.vc_custom_1581955016841{margin-bottom: 35px !important;}&#8221;][vc_column_inner offset=&#8221;vc_col-lg-2 vc_col-md-2 vc_col-xs-12&#8243;][\/vc_column_inner][vc_column_inner offset=&#8221;vc_col-lg-8 vc_col-md-8 vc_col-xs-12&#8243;][\/vc_column_inner][vc_column_inner offset=&#8221;vc_col-lg-2 vc_col-md-2 vc_col-xs-12&#8243;][\/vc_column_inner][\/vc_row_inner][vc_row_inner][vc_column_inner offset=&#8221;vc_hidden-lg vc_hidden-md&#8221;][vc_column_text]Odr\u017eava se tijekom studenog u Zagrebu te publici predstavlja najbolje od recentne nezavisne me\u0111unarodne i doma\u0107e filmske produkcije. Od svojih po\u010detaka ZFF je...","og_url":"https:\/\/www.kioskstudio.net\/projekti\/zff\/o-festivalu\/","og_site_name":"Zagreb Film Festival","article_modified_time":"2025-06-18T12:17:43+00:00","twitter_card":"summary_large_image","twitter_misc":{"Est. reading time":"2 minutes"},"schema":{"@context":"https:\/\/schema.org","@graph":[{"@type":"WebPage","@id":"https:\/\/www.kioskstudio.net\/projekti\/zff\/o-festivalu\/","url":"https:\/\/www.kioskstudio.net\/projekti\/zff\/o-festivalu\/","name":"O festivalu - Zagreb Film Festival","isPartOf":{"@id":"https:\/\/www.kioskstudio.net\/projekti\/zff\/#website"},"datePublished":"2025-04-24T13:55:49+00:00","dateModified":"2025-06-18T12:17:43+00:00","breadcrumb":{"@id":"https:\/\/www.kioskstudio.net\/projekti\/zff\/o-festivalu\/#breadcrumb"},"inLanguage":"en-US","potentialAction":[{"@type":"ReadAction","target":["https:\/\/www.kioskstudio.net\/projekti\/zff\/o-festivalu\/"]}]},{"@type":"BreadcrumbList","@id":"https:\/\/www.kioskstudio.net\/projekti\/zff\/o-festivalu\/#breadcrumb","itemListElement":[{"@type":"ListItem","position":1,"name":"Home","item":"https:\/\/www.kioskstudio.net\/projekti\/zff\/"},{"@type":"ListItem","position":2,"name":"O festivalu"}]},{"@type":"WebSite","@id":"https:\/\/www.kioskstudio.net\/projekti\/zff\/#website","url":"https:\/\/www.kioskstudio.net\/projekti\/zff\/","name":"Zagreb Film Festival","description":"","potentialAction":[{"@type":"SearchAction","target":{"@type":"EntryPoint","urlTemplate":"https:\/\/www.kioskstudio.net\/projekti\/zff\/?s={search_term_string}"},"query-input":{"@type":"PropertyValueSpecification","valueRequired":true,"valueName":"search_term_string"}}],"inLanguage":"en-US"}]}},"lang":"hr","translations":{"hr":6653,"en":7440},"pll_sync_post":[],"_links":{"self":[{"href":"https:\/\/www.kioskstudio.net\/projekti\/zff\/wp-json\/wp\/v2\/pages\/6653","targetHints":{"allow":["GET"]}}],"collection":[{"href":"https:\/\/www.kioskstudio.net\/projekti\/zff\/wp-json\/wp\/v2\/pages"}],"about":[{"href":"https:\/\/www.kioskstudio.net\/projekti\/zff\/wp-json\/wp\/v2\/types\/page"}],"author":[{"embeddable":true,"href":"https:\/\/www.kioskstudio.net\/projekti\/zff\/wp-json\/wp\/v2\/users\/2"}],"replies":[{"embeddable":true,"href":"https:\/\/www.kioskstudio.net\/projekti\/zff\/wp-json\/wp\/v2\/comments?post=6653"}],"version-history":[{"count":13,"href":"https:\/\/www.kioskstudio.net\/projekti\/zff\/wp-json\/wp\/v2\/pages\/6653\/revisions"}],"predecessor-version":[{"id":6734,"href":"https:\/\/www.kioskstudio.net\/projekti\/zff\/wp-json\/wp\/v2\/pages\/6653\/revisions\/6734"}],"wp:attachment":[{"href":"https:\/\/www.kioskstudio.net\/projekti\/zff\/wp-json\/wp\/v2\/media?parent=6653"}],"curies":[{"name":"wp","href":"https:\/\/api.w.org\/{rel}","templated":true}]}}