{"id":7466,"date":"2025-06-18T15:12:58","date_gmt":"2025-06-18T13:12:58","guid":{"rendered":"https:\/\/www.kioskstudio.net\/projekti\/zff\/?page_id=7466"},"modified":"2025-07-11T11:08:59","modified_gmt":"2025-07-11T09:08:59","slug":"submit-film","status":"publish","type":"page","link":"https:\/\/www.kioskstudio.net\/projekti\/zff\/en\/submit-film\/","title":{"rendered":"Submit film"},"content":{"rendered":"<div class=\"wpb-content-wrapper\"><p>[vc_row gap=&#8221;35&#8243; css=&#8221;.vc_custom_1745494899476{margin-right: -5% !important;margin-left: -5% !important;}&#8221;][vc_column][vc_row_inner][vc_column_inner offset=&#8221;vc_hidden-lg vc_hidden-md&#8221;][vc_empty_space height=&#8221;40px&#8221;][\/vc_column_inner][\/vc_row_inner][vc_row_inner css=&#8221;.vc_custom_1581955016841{margin-bottom: 35px !important;}&#8221;][vc_column_inner offset=&#8221;vc_col-lg-2 vc_col-md-2 vc_col-xs-12&#8243;][\/vc_column_inner][vc_column_inner offset=&#8221;vc_col-lg-8 vc_col-md-8 vc_col-xs-12&#8243;]<div class=\"gt-heading gt-style-1 gt-light gt-align-center\"><h5 class=\"gt-title\">Submissions for ZFF's Competition program are now open!<\/h5><\/div>[\/vc_column_inner][vc_column_inner offset=&#8221;vc_col-lg-2 vc_col-md-2 vc_col-xs-12&#8243;][\/vc_column_inner][\/vc_row_inner][\/vc_column][vc_column width=&#8221;1\/2&#8243; css=&#8221;.vc_custom_1581507890218{padding-right: 5% !important;padding-left: 5% !important;}&#8221;][vc_column_text]<b>Zagreb, February 24, 2025<\/b><\/p>\n<p>The 23rd edition of the Zagreb Film Festival will take place from November 10 to 16, once again bringing a carefully curated selection of films by emerging international and domestic filmmakers in its competition program.<\/p>\n<p>The call for submissions for the festival\u2019s main competition program is now open.\u00a0<b>The early deadline for international feature-length and short films is April 1, while the standard deadline is June 30. The submission deadline for the national short film competition \u2013 Checkers \u2013 is September 17, 2025.<\/b>\u00a0Films in all main competition categories compete for the Golden Pram Award and cash prizes.<\/p>\n<p><b>Submission guidelines<\/b>\u00a0and\u00a0<b>the online entry form<\/b>\u00a0are available\u00a0<a href=\"https:\/\/www.kioskstudio.net\/projekti\/zff\/wp-content\/uploads\/2025\/07\/ZFF-2025-Terms-and-conditions_ENG.docx.pdf\"><b>here<\/b><\/a>.[\/vc_column_text][\/vc_column][vc_column width=&#8221;1\/2&#8243; css=&#8221;.vc_custom_1581507895442{padding-right: 5% !important;padding-left: 5% !important;}&#8221;][vc_column_text]Since its very beginnings, ZFF has been dedicated to showcasing and promoting debut films and emerging filmmakers. The main competition program has introduced the early works of directors such as Sofia Coppola, Taika Waititi, Radu Jude, Xavier Dolan, Debra Granik, Andrej Zvjagincev and Teona Strugar Mitevska. The Checkers competition has highlighted many up-and-coming Croatian filmmakers who later gained recognition both nationally and on the international festival circuit, including Antoneta Alamat Kusijanovi\u0107, Sonja Taroki\u0107, Juraj Leroti\u0107, Hana Ju\u0161i\u0107, Josip \u017duvan, and Dubravka Turi\u0107.<\/p>\n<p>The festival is financially supported by the City of Zagreb\u2019s Office for Culture, the Croatian Audiovisual Centre, the MEDIA sub-programme of Creative Europe, Kultura Nova Foundation\u00a0 and the Zagreb Tourist Board.[\/vc_column_text][\/vc_column][\/vc_row][vc_row gap=&#8221;35&#8243; css=&#8221;.vc_custom_1745494929883{margin-right: -5% !important;margin-bottom: 40px !important;margin-left: -5% !important;}&#8221;][vc_column][vc_row_inner css=&#8221;.vc_custom_1581955016841{margin-bottom: 35px !important;}&#8221;][vc_column_inner offset=&#8221;vc_col-lg-2 vc_col-md-2 vc_col-xs-12&#8243;][\/vc_column_inner][vc_column_inner offset=&#8221;vc_col-lg-8 vc_col-md-8 vc_col-xs-12&#8243;]<div class=\"gt-image gt-align-center\"><img loading=\"lazy\" decoding=\"async\" width=\"202\" height=\"46\" src=\"https:\/\/www.kioskstudio.net\/projekti\/zff\/wp-content\/uploads\/2025\/05\/filmfreeway-logo-zff.svg\" class=\"attachment-full size-full\" alt=\"\" \/><\/div>[vc_empty_space height=&#8221;25px&#8221;]<div class=\"gt-button gt-style-4 gt-block gt-light gt-align-center\"><a href=\"https:\/\/filmfreeway.com\/ZagrebFilmFestival\" target=\"_blank\">SUBMIT ON FILMFREEWAY<\/a><\/div>[\/vc_column_inner][vc_column_inner offset=&#8221;vc_col-lg-2 vc_col-md-2 vc_col-xs-12&#8243;][\/vc_column_inner][\/vc_row_inner][\/vc_column][\/vc_row]<\/p>\n<\/div>","protected":false},"excerpt":{"rendered":"<p>[vc_row gap=&#8221;35&#8243; css=&#8221;.vc_custom_1745494899476{margin-right: -5% !important;margin-left: -5% !important;}&#8221;][vc_column][vc_row_inner][vc_column_inner offset=&#8221;vc_hidden-lg vc_hidden-md&#8221;][vc_empty_space height=&#8221;40px&#8221;][\/vc_column_inner][\/vc_row_inner][vc_row_inner css=&#8221;.vc_custom_1581955016841{margin-bottom: 35px !important;}&#8221;][vc_column_inner offset=&#8221;vc_col-lg-2 vc_col-md-2 vc_col-xs-12&#8243;][\/vc_column_inner][vc_column_inner offset=&#8221;vc_col-lg-8 vc_col-md-8 vc_col-xs-12&#8243;][\/vc_column_inner][vc_column_inner offset=&#8221;vc_col-lg-2 vc_col-md-2 vc_col-xs-12&#8243;][\/vc_column_inner][\/vc_row_inner][\/vc_column][vc_column width=&#8221;1\/2&#8243; css=&#8221;.vc_custom_1581507890218{padding-right: 5% !important;padding-left: 5% !important;}&#8221;][vc_column_text]Zagreb, February 24, 2025 The 23rd edition of the Zagreb Film Festival will take place from November 10 to 16, once&#8230;<\/p>\n","protected":false},"author":1,"featured_media":0,"parent":0,"menu_order":0,"comment_status":"closed","ping_status":"closed","template":"","meta":{"_acf_changed":false,"inline_featured_image":false,"footnotes":""},"class_list":["post-7466","page","type-page","status-publish","hentry"],"acf":[],"yoast_head":"<!-- This site is optimized with the Yoast SEO plugin v25.5 - https:\/\/yoast.com\/wordpress\/plugins\/seo\/ -->\n<title>Submit film - Zagreb Film Festival<\/title>\n<meta name=\"robots\" content=\"noindex, follow, max-snippet:-1, max-image-preview:large, max-video-preview:-1\" \/>\n<meta property=\"og:locale\" content=\"en_US\" \/>\n<meta property=\"og:type\" content=\"article\" \/>\n<meta property=\"og:title\" content=\"Submit film - Zagreb Film Festival\" \/>\n<meta property=\"og:description\" content=\"[vc_row gap=&#8221;35&#8243; css=&#8221;.vc_custom_1745494899476{margin-right: -5% !important;margin-left: -5% !important;}&#8221;][vc_column][vc_row_inner][vc_column_inner offset=&#8221;vc_hidden-lg vc_hidden-md&#8221;][vc_empty_space height=&#8221;40px&#8221;][\/vc_column_inner][\/vc_row_inner][vc_row_inner css=&#8221;.vc_custom_1581955016841{margin-bottom: 35px !important;}&#8221;][vc_column_inner offset=&#8221;vc_col-lg-2 vc_col-md-2 vc_col-xs-12&#8243;][\/vc_column_inner][vc_column_inner offset=&#8221;vc_col-lg-8 vc_col-md-8 vc_col-xs-12&#8243;][\/vc_column_inner][vc_column_inner offset=&#8221;vc_col-lg-2 vc_col-md-2 vc_col-xs-12&#8243;][\/vc_column_inner][\/vc_row_inner][\/vc_column][vc_column width=&#8221;1\/2&#8243; css=&#8221;.vc_custom_1581507890218{padding-right: 5% !important;padding-left: 5% !important;}&#8221;][vc_column_text]Zagreb, February 24, 2025 The 23rd edition of the Zagreb Film Festival will take place from November 10 to 16, once...\" \/>\n<meta property=\"og:url\" content=\"https:\/\/www.kioskstudio.net\/projekti\/zff\/en\/submit-film\/\" \/>\n<meta property=\"og:site_name\" content=\"Zagreb Film Festival\" \/>\n<meta property=\"article:modified_time\" content=\"2025-07-11T09:08:59+00:00\" \/>\n<meta name=\"twitter:card\" content=\"summary_large_image\" \/>\n<meta name=\"twitter:label1\" content=\"Est. reading time\" \/>\n\t<meta name=\"twitter:data1\" content=\"3 minutes\" \/>\n<script type=\"application\/ld+json\" class=\"yoast-schema-graph\">{\"@context\":\"https:\/\/schema.org\",\"@graph\":[{\"@type\":\"WebPage\",\"@id\":\"https:\/\/www.kioskstudio.net\/projekti\/zff\/en\/submit-film\/\",\"url\":\"https:\/\/www.kioskstudio.net\/projekti\/zff\/en\/submit-film\/\",\"name\":\"Submit film - Zagreb Film Festival\",\"isPartOf\":{\"@id\":\"https:\/\/www.kioskstudio.net\/projekti\/zff\/#website\"},\"datePublished\":\"2025-06-18T13:12:58+00:00\",\"dateModified\":\"2025-07-11T09:08:59+00:00\",\"breadcrumb\":{\"@id\":\"https:\/\/www.kioskstudio.net\/projekti\/zff\/en\/submit-film\/#breadcrumb\"},\"inLanguage\":\"en-US\",\"potentialAction\":[{\"@type\":\"ReadAction\",\"target\":[\"https:\/\/www.kioskstudio.net\/projekti\/zff\/en\/submit-film\/\"]}]},{\"@type\":\"BreadcrumbList\",\"@id\":\"https:\/\/www.kioskstudio.net\/projekti\/zff\/en\/submit-film\/#breadcrumb\",\"itemListElement\":[{\"@type\":\"ListItem\",\"position\":1,\"name\":\"Home\",\"item\":\"https:\/\/www.kioskstudio.net\/projekti\/zff\/\"},{\"@type\":\"ListItem\",\"position\":2,\"name\":\"Submit film\"}]},{\"@type\":\"WebSite\",\"@id\":\"https:\/\/www.kioskstudio.net\/projekti\/zff\/#website\",\"url\":\"https:\/\/www.kioskstudio.net\/projekti\/zff\/\",\"name\":\"Zagreb Film Festival\",\"description\":\"\",\"potentialAction\":[{\"@type\":\"SearchAction\",\"target\":{\"@type\":\"EntryPoint\",\"urlTemplate\":\"https:\/\/www.kioskstudio.net\/projekti\/zff\/?s={search_term_string}\"},\"query-input\":{\"@type\":\"PropertyValueSpecification\",\"valueRequired\":true,\"valueName\":\"search_term_string\"}}],\"inLanguage\":\"en-US\"}]}<\/script>\n<!-- \/ Yoast SEO plugin. -->","yoast_head_json":{"title":"Submit film - Zagreb Film Festival","robots":{"index":"noindex","follow":"follow","max-snippet":"max-snippet:-1","max-image-preview":"max-image-preview:large","max-video-preview":"max-video-preview:-1"},"og_locale":"en_US","og_type":"article","og_title":"Submit film - Zagreb Film Festival","og_description":"[vc_row gap=&#8221;35&#8243; css=&#8221;.vc_custom_1745494899476{margin-right: -5% !important;margin-left: -5% !important;}&#8221;][vc_column][vc_row_inner][vc_column_inner offset=&#8221;vc_hidden-lg vc_hidden-md&#8221;][vc_empty_space height=&#8221;40px&#8221;][\/vc_column_inner][\/vc_row_inner][vc_row_inner css=&#8221;.vc_custom_1581955016841{margin-bottom: 35px !important;}&#8221;][vc_column_inner offset=&#8221;vc_col-lg-2 vc_col-md-2 vc_col-xs-12&#8243;][\/vc_column_inner][vc_column_inner offset=&#8221;vc_col-lg-8 vc_col-md-8 vc_col-xs-12&#8243;][\/vc_column_inner][vc_column_inner offset=&#8221;vc_col-lg-2 vc_col-md-2 vc_col-xs-12&#8243;][\/vc_column_inner][\/vc_row_inner][\/vc_column][vc_column width=&#8221;1\/2&#8243; css=&#8221;.vc_custom_1581507890218{padding-right: 5% !important;padding-left: 5% !important;}&#8221;][vc_column_text]Zagreb, February 24, 2025 The 23rd edition of the Zagreb Film Festival will take place from November 10 to 16, once...","og_url":"https:\/\/www.kioskstudio.net\/projekti\/zff\/en\/submit-film\/","og_site_name":"Zagreb Film Festival","article_modified_time":"2025-07-11T09:08:59+00:00","twitter_card":"summary_large_image","twitter_misc":{"Est. reading time":"3 minutes"},"schema":{"@context":"https:\/\/schema.org","@graph":[{"@type":"WebPage","@id":"https:\/\/www.kioskstudio.net\/projekti\/zff\/en\/submit-film\/","url":"https:\/\/www.kioskstudio.net\/projekti\/zff\/en\/submit-film\/","name":"Submit film - Zagreb Film Festival","isPartOf":{"@id":"https:\/\/www.kioskstudio.net\/projekti\/zff\/#website"},"datePublished":"2025-06-18T13:12:58+00:00","dateModified":"2025-07-11T09:08:59+00:00","breadcrumb":{"@id":"https:\/\/www.kioskstudio.net\/projekti\/zff\/en\/submit-film\/#breadcrumb"},"inLanguage":"en-US","potentialAction":[{"@type":"ReadAction","target":["https:\/\/www.kioskstudio.net\/projekti\/zff\/en\/submit-film\/"]}]},{"@type":"BreadcrumbList","@id":"https:\/\/www.kioskstudio.net\/projekti\/zff\/en\/submit-film\/#breadcrumb","itemListElement":[{"@type":"ListItem","position":1,"name":"Home","item":"https:\/\/www.kioskstudio.net\/projekti\/zff\/"},{"@type":"ListItem","position":2,"name":"Submit film"}]},{"@type":"WebSite","@id":"https:\/\/www.kioskstudio.net\/projekti\/zff\/#website","url":"https:\/\/www.kioskstudio.net\/projekti\/zff\/","name":"Zagreb Film Festival","description":"","potentialAction":[{"@type":"SearchAction","target":{"@type":"EntryPoint","urlTemplate":"https:\/\/www.kioskstudio.net\/projekti\/zff\/?s={search_term_string}"},"query-input":{"@type":"PropertyValueSpecification","valueRequired":true,"valueName":"search_term_string"}}],"inLanguage":"en-US"}]}},"lang":"en","translations":{"en":7466,"hr":6581},"pll_sync_post":[],"_links":{"self":[{"href":"https:\/\/www.kioskstudio.net\/projekti\/zff\/wp-json\/wp\/v2\/pages\/7466","targetHints":{"allow":["GET"]}}],"collection":[{"href":"https:\/\/www.kioskstudio.net\/projekti\/zff\/wp-json\/wp\/v2\/pages"}],"about":[{"href":"https:\/\/www.kioskstudio.net\/projekti\/zff\/wp-json\/wp\/v2\/types\/page"}],"author":[{"embeddable":true,"href":"https:\/\/www.kioskstudio.net\/projekti\/zff\/wp-json\/wp\/v2\/users\/1"}],"replies":[{"embeddable":true,"href":"https:\/\/www.kioskstudio.net\/projekti\/zff\/wp-json\/wp\/v2\/comments?post=7466"}],"version-history":[{"count":7,"href":"https:\/\/www.kioskstudio.net\/projekti\/zff\/wp-json\/wp\/v2\/pages\/7466\/revisions"}],"predecessor-version":[{"id":7835,"href":"https:\/\/www.kioskstudio.net\/projekti\/zff\/wp-json\/wp\/v2\/pages\/7466\/revisions\/7835"}],"wp:attachment":[{"href":"https:\/\/www.kioskstudio.net\/projekti\/zff\/wp-json\/wp\/v2\/media?parent=7466"}],"curies":[{"name":"wp","href":"https:\/\/api.w.org\/{rel}","templated":true}]}}