{"id":7840,"date":"2025-07-11T12:28:09","date_gmt":"2025-07-11T10:28:09","guid":{"rendered":"https:\/\/www.kioskstudio.net\/projekti\/zff\/?page_id=7840"},"modified":"2025-07-11T12:34:29","modified_gmt":"2025-07-11T10:34:29","slug":"izjava-o-privatnosti","status":"publish","type":"page","link":"https:\/\/www.kioskstudio.net\/projekti\/zff\/izjava-o-privatnosti\/","title":{"rendered":"Izjava o privatnosti"},"content":{"rendered":"<div class=\"wpb-content-wrapper\"><p>[vc_row gap=&#8221;35&#8243; css=&#8221;.vc_custom_1581509401102{margin-right: -5% !important;margin-bottom: 70px !important;margin-left: -5% !important;}&#8221;][vc_column][vc_row_inner][vc_column_inner offset=&#8221;vc_hidden-lg vc_hidden-md&#8221;][vc_empty_space height=&#8221;40px&#8221;][\/vc_column_inner][\/vc_row_inner][vc_row_inner css=&#8221;.vc_custom_1581957517763{margin-bottom: 45px !important;}&#8221;][vc_column_inner offset=&#8221;vc_col-lg-2 vc_col-md-2 vc_col-xs-12&#8243;][\/vc_column_inner][vc_column_inner offset=&#8221;vc_col-lg-8 vc_col-md-8 vc_col-xs-12&#8243;][vc_column_text]Zagreb Film Festival svoju obavezu \u010duvanja va\u0161e privatnosti shva\u0107a veoma ozbiljno, i svaku va\u0161u informaciju koju ostavite tretirati \u0107emo pa\u017eljivo. Posjetom na\u0161e stranice i\/ili registracijom prihva\u0107ate i suglasni ste sa praksom opisanom u na\u0161oj Politici za\u0161tite privatnosti:<\/p>\n<h5><strong>POLITIKA ZA\u0160TITE PRIVATNOSTI<\/strong><\/h5>\n<p>ZFF se obavezuje pru\u017eati za\u0161titu osobnim podacima posjetitelja stranice\/korisnika, na na\u010din da prikuplja samo nu\u017ene, osnovne podatke o korisnicima koji su nu\u017eni za ispunjenje na\u0161ih obveza; informira korisnika o na\u010dinu kori\u0161tenja prikupljenih podataka, redovito daje korisnicima mogu\u0107nost izbora o upotrebi njihovih podataka, uklju\u010duju\u0107i mogu\u0107nost odluke \u017eele li ili ne da se njihovo ime ukloni s lista koje se koriste za marketin\u0161ke kampanje. Svi se podaci o korisnicima strogo \u010duvaju i dostupni su samo \u010dlanovima kojima su ti podaci nu\u017eni za obavljanje posla. Svi \u010dlanovi ZFF-a i poslovni partneri odgovorni su za po\u0161tivanje na\u010dela za\u0161tite privatnosti.<\/p>\n<p>ZFF prepoznaje va\u017enost Va\u0161e za\u0161tite privatnosti, sigurnosti i za\u0161tite podataka te \u017eeli da se prilikom posjeta na\u0161im internetskim stranicama osje\u0107ate sigurno i ugodno.<\/p>\n<p>Kada prikupljamo Va\u0161e osobne podatke ili kada ih dijelite s nama, mi ih upotrebljavamo u skladu s ovom Politikom za\u0161tite privatnosti.<\/p>\n<p>Ova pravila privatnosti obja\u0161njavaju:<\/p>\n<ul>\n<li>Tko smo mi?<\/li>\n<li>\u0160to su osobni podaci?<\/li>\n<li>Koje podatke prikupljamo i kako ih upotrebljavamo?<\/li>\n<li>Pravne osnove za prikupljanje Va\u0161ih osobnih podataka<\/li>\n<li>Razdoblje u kojem ZFF zadr\u017eava Va\u0161e osobne podatke<\/li>\n<li>Automatizirano dono\u0161enje odluka<\/li>\n<li>Profiliranje<\/li>\n<li>Tko mo\u017ee pristupiti Va\u0161im osobnim podacima?<\/li>\n<li>Jesu li Va\u0161i osobni podaci sigurni?<\/li>\n<li>Kako mo\u017eete vidjeti, provjeriti, izmijeniti ili obrisati osobne podatke koje ste nam poslali?<\/li>\n<li>Kakva je na\u0161a politika o prikupljanju podataka koje dobijemo od maloljetnih osoba koje koriste na\u0161e web stranice?<\/li>\n<li>COOKIES, Kako i za\u0161to ih koristimo?<\/li>\n<li>Mo\u017eemo li naknadno promijeniti uvjete Politike za\u0161tite privatnosti?<\/li>\n<li>Va\u0161a prava i izbori<\/li>\n<li>Za\u0161to morate prihvatiti uvjete u Izjavi o privatnosti?<\/li>\n<li>Kontakt<\/li>\n<\/ul>\n<h5>\u0160TO SU OSOBNI PODACI?<\/h5>\n<p>Osobni podaci su podaci koji se odnose na Vas pomo\u0107u kojih Vas je mogu\u0107e identificirati izravno (primjerice Va\u0161e ime i prezime) ili neizravno (primjerice putem pseudonima kao \u0161to je jedinstveni identifikacijski broj). U osobne podatke se ubrajaju ime i prezime, adresa, dob, e-mail adresa i telefonski broj i podaci o studiranju odre\u0111ene osobe. Osobni podaci mogu uklju\u010divati i broj\u010dane identifikatore kao \u0161to su IP adresa ra\u010dunala, MAC adresa mobilnog telefona ili cookies (kola\u010di\u0107i).<\/p>\n<h5>KOJE PODATKE PRIKUPLJAMO I KAKO IH UPOTREBLJAVAMO?<\/h5>\n<p>Prikupljamo samo one osobne podatke koje nam Vi \u017eelite dati ili one osobne podatke koji su neophodni.<\/p>\n<p>Podatke prikupljamo i primamo putem na\u0161ih web stranica,\u00a0 stranica na dru\u0161tvenim mre\u017eama i\/ili na druge na\u010dine.<\/p>\n<p>Va\u0161e osobne podatke koristimo isklju\u010divo u svrhu poslovanja ZFF kao i za upravljanje, podr\u0161ku i dobivanje povratnih informacija o pru\u017eenoj usluzi te kako bi se sprije\u010dili naru\u0161avanje sigurnosti, zakona ili uvjeta iz ugovora.<\/p>\n<p>Va\u0161e osobne podatke \u0107emo prije svega kod odgovaranja na Va\u0161a pitanja i upite, za provo\u0111enje analiza i prikupljanje statisti\u010dkih podataka.<\/p>\n<h5>PRAVNE OSNOVE ZA PRIKUPLJANJE VA\u0160IH OSOBNIH PODATAKA<\/h5>\n<p>Ovisno o svrsi prikupljanja i obrade osobnih podataka, pravna osnova za obradu Va\u0161ih podataka mo\u017ee biti: Va\u0161a suglasnost (privola), legitimni interes ZFF (sprje\u010davanje prijevare, osiguranje i odr\u017eavanje alata kojima se koristite primjerice web stranice\/aplikacije\/ure\u0111aji sigurnima za upotrebu), odnosno usluge koju ste tra\u017eili i propisi koji zahtijevaju obradu osobnih podataka.<\/p>\n<h5>RAZDOBLJE U KOJEM ZFF ZADR\u017dAVA VA\u0160E OSOBNE PODATKE<\/h5>\n<p>ZFF \u010duva Va\u0161e osobne podatke koje ste nam poslali putem ove web stranice u svojim bazama podataka.<\/p>\n<p>Va\u0161i osobni podaci \u0107e se \u010duvati od strane ZFF samo onoliko dugo koliko je neophodno potrebno da se odgovori na Va\u0161a pitanja, a u skladu sa va\u017ee\u0107im zakonskim odredbama.<\/p>\n<p>ZFF prilikom odre\u0111ivanja razdoblja u kojem zadr\u017eava Va\u0161e podatke vodi se sa sljede\u0107im kriterijima:<\/p>\n<ul>\n<li>prilikom Va\u0161eg obra\u0107anja i Va\u0161ih upita, Va\u0161e osobne podatke zadr\u017eavamo u razdoblju potrebnom za obradu upita te dok ne zatra\u017eite brisanje istih;<\/li>\n<li>prilikom prijave na newsletter, Va\u0161e osobne podatke zadr\u017eavamo sve dok ne izvr\u0161ite odjavu, otka\u017eete pretplatu ili ne zatra\u017eite brisanje pretplate;<\/li>\n<li>prilikom pohranjivanja cookies (kola\u010di\u0107a) na Va\u0161e ra\u010dunalo, Va\u0161e osobne podatke zadr\u017eavamo dok slu\u017ee svrsi<\/li>\n<\/ul>\n<p>ZFF mo\u017ee zadr\u017eati Va\u0161e osobne podatke nakon \u0161to prestanete koristiti usluge ZFF ili prestanete s kori\u0161tenjem ove web stranice u svrhu ispunjavanja svojih zakonskih obveza ili upravljanja svojim pravima (pred sudovima ili drugim nadle\u017enim tijelima) ili prikupljanja statisti\u010dkih podataka i vo\u0111enja evidencije.<\/p>\n<p>Kada nam Va\u0161i osobni podaci vi\u0161e nisu potrebni niti u jednu od navedenih svrha, Va\u0161i osobni podaci \u0107e biti izbrisani iz svih sustava u okviru ZFF<\/p>\n<p>Skre\u0107emo Vam pa\u017enju da imate pravo na brisanje Va\u0161ih osobnih podataka u bilo kojem trenutku.<\/p>\n<h5>AUTOMATIZIRANO DONO\u0160ENJE ODLUKA<\/h5>\n<p>Za potrebe osiguranja transakcija putem na\u0161ih stranica i aplikacija od nedozvoljene upotrebe osobnih podataka i prijevare ZFF upotrebljava rje\u0161enja tre\u0107ih pru\u017eatelja usluga. Metoda utvr\u0111ivanja prijevare temelji se na jednostavnim usporedbama, asocijacijama, grupiranjima, predvi\u0111anjima i utvr\u0111ivanju netipi\u010dnih vrijednosti pomo\u0107u inteligentnih agenata, tehnika prikupljanja podataka raznim tehnikama dubinske analize podataka.<\/p>\n<h5>PROFILIRANJE<\/h5>\n<p>Osobne podatke prikupljene u razli\u010ditim interakcijama s Vama unosimo u sredi\u0161nju bazu podataka i analiziramo ih da bismo predvidjeli Va\u0161e osobne preferencije i\/ili interese.<\/p>\n<h5>TKO MO\u017dE PRISTUPITI VA\u0160IM OSOBNIM PODACIMA?<\/h5>\n<p>ZFF mo\u017ee dijeliti Va\u0161e osobne podatke unutar organizacijskih jedinica ZFF radi ispunjenja zakonskih obveza, ili zato jer ste nam Vi dali suglasnost.<\/p>\n<p>ZFF ne\u0107e dijeliti Va\u0161e osobne podatke s poslovnim partnerima i suradnicima koji ih namjeravaju iskoristiti za izravne marketin\u0161ke svrhe, osim ako ste nam dali odre\u0111eno dopu\u0161tenje za to.<\/p>\n<p>Va\u0161e osobne podatke mogu obra\u0111ivati i pouzdani tre\u0107i pru\u017eatelji usluga kojima povjeravamo zadatke i aktivnosti koje obavljaju u na\u0161e ime. U tom slu\u010daju pru\u017eamo im samo informacije potrebne za izvr\u0161enje usluge uz zahtjev da Va\u0161e osobne podatke ne upotrebljavaju u druge svrhe. Na\u0161i pru\u017eatelji usluga moraju u svakom trenutku omogu\u0107iti istu razinu sigurnosti za Va\u0161e osobne podatke kao i ZFF.<\/p>\n<p>Va\u0161e osobne podatke mo\u017eemo otkriti pouzdanim tre\u0107im osobama koje nam poma\u017eu u pru\u017eanju, upravljanje identitetom, , analiza mre\u017ee i tra\u017eilica i sli\u010dnotre\u0107im osobama koje nam pru\u017eaju tehni\u010dku podr\u0161ku kao \u0161to su pru\u017eatelji platforme ili smje\u0161taja na poslu\u017eitelju, podr\u0161ke i odr\u017eavanje baze podataka, kao i softvera i aplikacija,<\/p>\n<p>Va\u0161e osobne podatke mo\u017eemo proslijediti dr\u017eavnim tijelima za provedbu zakona u sljede\u0107im situacijama:<\/p>\n<ol>\n<li>kad smo to du\u017eni u\u010diniti po zahtjevima bilo kojeg va\u017ee\u0107eg propisa\/zakona;<\/li>\n<li>prilikom odgovora na sve pravne zahtjeve ili radnje;<\/li>\n<li>ukoliko je to u skladu sa pravnim zahtjevima ili radnjama, ili u cilju za\u0161tite prava ZFF ili i javnosti.<\/li>\n<\/ol>\n<h5>JESU LI VA\u0160I OSOBNI PODACI SIGURNI?<\/h5>\n<p>ZFF \u0161titi Va\u0161e osobne podatke i poduzima mjere kako bi osigurao njihovu za\u0161titu.<\/p>\n<p>ZFF podatke koje prikuplja i obra\u0111uje \u0161titi od neovla\u0161tenog pristupa tre\u0107ih osoba.<\/p>\n<h5>POVEZNICE NA WEB STRANICE TRE\u0106IH OSOBA<\/h5>\n<p>Web stranica ZFF mo\u017ee sadr\u017eavati linkove na druge web stranice. ZFF ne snosi odgovornost za sadr\u017eaj, to\u010dnost ili funkciju tih stranica. Linkovi su dani u dobroj vjeri i ZFF se ne smatra odgovornim za bilo kakve kasnije promjene na drugim web stranicama za koje je dao link. Preporu\u010dujemo Vam da budete oprezni i da pa\u017eljivo pro\u010ditate pravila privatnosti na ostalim web strancima koje posje\u0107ujete.<\/p>\n<p>Neke od na\u0161ih web stranica pru\u017eaju Vam mogu\u0107nost da putem e-maila po\u0161aljete adresu web stranice drugoj osobi. Navedena funkcija podrazumijeva da \u0107emo mo\u017eda prikupiti Va\u0161u e-mail adresu i\/ili e-mail adrese onih kojima ste poslali web stranicu. E-mail adrese prikupljene na ovaj na\u010din se ne koriste u druge svrhe osim za ispunjenje Va\u0161eg zahtjeva. Ove e-mail adrese se ne \u010duvaju i bri\u0161u se odmah nakon ispunjenja zahtjeva.<\/p>\n<h5>KAKO MO\u017dETE VIDJETI, PROVJERITI, IZMIJENITI ILI OBRISATI OSOBNE PODATKE KOJE STE NAM POSLALI?<\/h5>\n<p>Imate pravo obratiti nam se kako bi Vam pru\u017eili sve informacije koje pohranjujemo o Vama. Tako\u0111er, brisanje, ispravak ili izmjenu podataka mo\u017eete zatra\u017eiti slanjem e-maila na:\u00a0<u><a href=\"mailto:info@zff.hr\">info@zff.hr<\/a><\/u><\/p>\n<h5>KAKVA JE NA\u0160A POLITIKA O PRIKUPLJANJU PODATAKA KOJE DOBIJEMO OD MALOLJETNIH OSOBA KOJE KORISTE NA\u0160E WEB STRANICE?<\/h5>\n<p>Izuzetno nam je va\u017eno za\u0161tititi privatnost maloljetnih osoba (djece) u svijetu elektroni\u010dkih komunikacija, kao i poticanje roditelja i skrbnika da sudjeluju u pra\u0107enju elektroni\u010dkih aktivnosti maloljetnih osoba.<\/p>\n<p>Obrada osobnih podataka zakonita je ako osoba ima najmanje 16 godina i\/ili uz privolu roditelja i\/ili skrbnika.<\/p>\n<p>Molimo roditelje da osobitu pa\u017enju posvete elektroni\u010dkim aktivnostima svoje djece i upozore djecu da ne daju informacije za osobnu identifikaciju elektroni\u010dkim putem bez njihove dozvole. U bilo kojem trenutku roditelji i\/ili skrbnici mogu vidjeti, provjeriti, izmijeniti ili obrisati osobne podatke svog djeteta.<\/p>\n<h5>COOKIES, Kako i za\u0161to ih koristimo?<\/h5>\n<p>Cookies (Kola\u010di\u0107i) su male tekstualne datoteke koje se pohranjuju na ure\u0111aj (ra\u010dunalo, tablet ili mobilni telefon) dok pretra\u017eujete internet uklju\u010duju\u0107i web-mjesta ZFF i koje sadr\u017ee niz znakova u koje su postavljene otvorene ili kodirane informacije. Cookiese server \u0161alje na Va\u0161e ra\u010dunalo i ondje ih pohranjuje. Oni prije svega slu\u017ee za identificiranje ra\u010dunala s kojeg je otvorena neka internetska stranica. Ukoliko se prijavite na neku internetsku stranicu, cookies slu\u017ee kako bi serveru javili prijavu te provjerili prava za otvaranje odre\u0111ene stranice. Svaki cookie ima svoj rok nakon kojeg vi\u0161e ne vrijedi. Taj rok mo\u017ee biti u dalekoj u budu\u0107nosti. Zahvaljuju\u0107i cookiesima mo\u017ee se pratiti put nekog korisnika preko razli\u010ditih dijelova na\u0161e internetske stranice te tako\u0111er putem drugih internetskih stranica. Pomo\u0107u cookiesa mo\u017ee se pobolj\u0161ati komunikacija izme\u0111u na\u0161eg servera i Va\u0161eg ra\u010dunala te time ugodnije oblikovati kori\u0161tenje na\u0161e internetske stranice. Cookiesi ne moraju biti samo od vlasnika internetske stranice nego i od tre\u0107e strane, npr. dru\u0161tvene mre\u017ee ili ogla\u0161iva\u010dke mre\u017ee. Putem svog preglednika imate mogu\u0107nost da Vam se prika\u017eu cookiesi s Va\u0161eg ra\u010dunala, da izbri\u0161ete postoje\u0107e cookiese ili da konfiguraciju podesite tako da se ne pohranjuju svi ili da se uop\u0107e ne pohranjuju cookiesi. Obratite pozornost na to da neke funkcije (kao npr. prijava) ne\u0107e funkcionirati ili ne\u0107e ispravno funkcionirati, ako deaktivirate postavljanje cookiesa.<\/p>\n<h5>MO\u017dEMO LI NAKNADNO PROMIJENITI UVJETE POLITIKE PRIVATNOSTI?<\/h5>\n<p>ZFF zadr\u017eava pravo izmjena i ispravka ove Politike za\u0161tite privatnosti.<\/p>\n<p><strong>VA\u0160A PRAVA I IZBORI<\/strong><\/p>\n<p>ZFF po\u0161tuje Va\u0161u privatnost.<\/p>\n<p>Va\u0161a prava:<\/p>\n<p><em>Pravo na informiranost<\/em><\/p>\n<p>Imate pravo primiti jasne, transparentne i lako razumljive informacije o tome kako upotrebljavamo Va\u0161e osobne podatke.<\/p>\n<p><em>Pravo pristupa<\/em><\/p>\n<p>Imate pravo pristupiti svojim osobnim podacima koje ste nam dali, uz propisana ograni\u010denja. U slu\u010daju pru\u017eanja informacija mogu\u0107a je naplata naknade administrativnih tro\u0161kova.<\/p>\n<p><em>Pravo na ispravak<\/em><\/p>\n<p>Imate pravo zatra\u017eiti ispravak i\/ili dopunu osobnih podataka.<\/p>\n<p><em>Pravo na brisanje\/pravo na zaborav<\/em><\/p>\n<p>Imate pravo tra\u017eiti brisanje ili uklanjanje osobnih podataka. Va\u0161e pravo na brisanje i\/ili uklanjanje osobnih podataka nije apsolutno pravo jer mo\u017eemo imati pravne ili legitimne osnove za zadr\u017eavanje Va\u0161ih osobnih podataka.<\/p>\n<p><em>Pravo na prigovor<\/em><\/p>\n<p>Imate pravo u svakom trenutku ulo\u017eiti prigovor na obradu osobnih podataka koji se obra\u0111uju na temelju javnog interesa ili legitimnih interesa uklju\u010duju\u0107i izradu profila.<\/p>\n<p>Mo\u017eete otkazati pretplatu ili odustati od primanja izravnih promid\u017ebenih sadr\u017eaja u bilo kojem trenutku.<\/p>\n<p><em>Pravo na podno\u0161enje pritu\u017ebe nadzornom tijelu<\/em><\/p>\n<p>Imate pravo obratiti se tijelu za za\u0161titu osobnih podataka i pravo na podno\u0161enje pritu\u017ebe o za\u0161titi podataka i na\u010dinu provedbe Pravila privatnosti ZFF<\/p>\n<p>Prije podno\u0161enja pritu\u017ebe nadle\u017enom tijelu za za\u0161titu podataka slobodno nam se obratiti kako bi Vam pomogli u za\u0161titi Va\u0161ih prava.<\/p>\n<p><em>Pravo na prenosivost podataka<\/em><\/p>\n<p>Imate pravo pomicati, kopirati i\/ili prenositi podatke iz na\u0161e baze podataka u drugu bazu podataka. Ovo pravo odnosi se samo na podatke koje ste nam pru\u017eili na temelju ugovora ili suglasnosti ili ako se obrada provodi automatiziranim putem.<\/p>\n<p><em>Pravo ograni\u010denja<\/em><\/p>\n<p>Imate pravo zatra\u017eiti ograni\u010denje obrade Va\u0161ih podataka. Ovo pravo ograni\u010dava obradu Va\u0161ih podataka, \u0161to zna\u010di da ih mo\u017eemo pohranjivati, ali ih ne mo\u017eemo upotrebljavati niti dodatno obra\u0111ivati.<\/p>\n<p>Za Va\u0161a prava i na\u010din njihova ostvarenja mo\u017eete se obratiti slu\u017ebeniku za za\u0161titu osobnih podataka na e-mail: info@zff.hr<\/p>\n<h5>ZA\u0160TO MORATE PRIHVATITI UVJETE U IZJAVI O PRIVATNOSTI?<\/h5>\n<p>ZFF koristi web servise za prikupljanje i obradu Va\u0161ih osobnih podataka. To podrazumijeva obradu i prijenos Va\u0161ih osobnih podataka i izvan granica Hrvatske.<\/p>\n<p>Ova Izjava o privatnosti pru\u017ea Vam sve neophodne informacije (na jednostavan na\u010din) kako biste mogli izabrati ho\u0107ete li koristiti ovu web stranicu i ho\u0107ete li svoje osobne podatke slati ZFF ili ne.<\/p>\n<p>Prilikom posjeta na\u0161oj web stranici, kao i komunikacijom elektroni\u010dkim putem, prihva\u0107ate i dajete suglasnost za obradu Va\u0161ih osobnih podataka na na\u010din koji je ure\u0111en u ovoj Izjavi o privatnosti.<\/p>\n<p>Ukoliko budete zainteresirani da Vam pru\u017eimo odre\u0111ene usluge od Vas \u0107emo uzeti dodatne izravne osobne podatke (ime i prezime, adresa i e-mail adresa). U tom slu\u010daju, tra\u017eit \u0107emo Va\u0161u suglasnost za prikupljanje i kori\u0161tenje va\u0161ih osobnih podataka, koji \u0107e se koristiti isklju\u010divo u svrhe za koju ste nam ih dostavili.<\/p>\n<p>Ukoliko imate bilo kakvih pitanja u vezi s ovom Izjavom o privatnosti, molimo Vas da nas kontaktirate na adresu info@zff.hr i bit \u0107e nam zadovoljstvo odgovoriti Vam na sva Va\u0161a pitanja.<\/p>\n<h5>KONTAKT<\/h5>\n<p>Za bilo kakva pitanja u vezi sa za\u0161titom Va\u0161ih osobnih podataka, o tome kako postupamo s Va\u0161im osobnim podacima i kako ih upotrebljavamo ili biste htjeli ostvariti prethodno navedena prava slobodno nam se obratite na e-mail kontakt: info@zff.hr.[\/vc_column_text][\/vc_column_inner][vc_column_inner offset=&#8221;vc_col-lg-2 vc_col-md-2 vc_col-xs-12&#8243;][\/vc_column_inner][\/vc_row_inner][\/vc_column][\/vc_row]<\/p>\n<\/div>","protected":false},"excerpt":{"rendered":"<p>[vc_row gap=&#8221;35&#8243; css=&#8221;.vc_custom_1581509401102{margin-right: -5% !important;margin-bottom: 70px !important;margin-left: -5% !important;}&#8221;][vc_column][vc_row_inner][vc_column_inner offset=&#8221;vc_hidden-lg vc_hidden-md&#8221;][vc_empty_space height=&#8221;40px&#8221;][\/vc_column_inner][\/vc_row_inner][vc_row_inner css=&#8221;.vc_custom_1581957517763{margin-bottom: 45px !important;}&#8221;][vc_column_inner offset=&#8221;vc_col-lg-2 vc_col-md-2 vc_col-xs-12&#8243;][\/vc_column_inner][vc_column_inner offset=&#8221;vc_col-lg-8 vc_col-md-8 vc_col-xs-12&#8243;][vc_column_text]Zagreb Film Festival svoju obavezu \u010duvanja va\u0161e privatnosti shva\u0107a veoma ozbiljno, i svaku va\u0161u informaciju koju ostavite tretirati \u0107emo pa\u017eljivo. Posjetom na\u0161e stranice i\/ili registracijom prihva\u0107ate i suglasni&#8230;<\/p>\n","protected":false},"author":1,"featured_media":0,"parent":0,"menu_order":0,"comment_status":"closed","ping_status":"closed","template":"","meta":{"_acf_changed":false,"inline_featured_image":false,"footnotes":""},"class_list":["post-7840","page","type-page","status-publish","hentry"],"acf":[],"yoast_head":"<!-- This site is optimized with the Yoast SEO plugin v25.5 - https:\/\/yoast.com\/wordpress\/plugins\/seo\/ -->\n<title>Izjava o privatnosti - Zagreb Film Festival<\/title>\n<meta name=\"robots\" content=\"noindex, follow, max-snippet:-1, max-image-preview:large, max-video-preview:-1\" \/>\n<meta property=\"og:locale\" content=\"en_US\" \/>\n<meta property=\"og:type\" content=\"article\" \/>\n<meta property=\"og:title\" content=\"Izjava o privatnosti - Zagreb Film Festival\" \/>\n<meta property=\"og:description\" content=\"[vc_row gap=&#8221;35&#8243; css=&#8221;.vc_custom_1581509401102{margin-right: -5% !important;margin-bottom: 70px !important;margin-left: -5% !important;}&#8221;][vc_column][vc_row_inner][vc_column_inner offset=&#8221;vc_hidden-lg vc_hidden-md&#8221;][vc_empty_space height=&#8221;40px&#8221;][\/vc_column_inner][\/vc_row_inner][vc_row_inner css=&#8221;.vc_custom_1581957517763{margin-bottom: 45px !important;}&#8221;][vc_column_inner offset=&#8221;vc_col-lg-2 vc_col-md-2 vc_col-xs-12&#8243;][\/vc_column_inner][vc_column_inner offset=&#8221;vc_col-lg-8 vc_col-md-8 vc_col-xs-12&#8243;][vc_column_text]Zagreb Film Festival svoju obavezu \u010duvanja va\u0161e privatnosti shva\u0107a veoma ozbiljno, i svaku va\u0161u informaciju koju ostavite tretirati \u0107emo pa\u017eljivo. Posjetom na\u0161e stranice i\/ili registracijom prihva\u0107ate i suglasni...\" \/>\n<meta property=\"og:url\" content=\"https:\/\/www.kioskstudio.net\/projekti\/zff\/izjava-o-privatnosti\/\" \/>\n<meta property=\"og:site_name\" content=\"Zagreb Film Festival\" \/>\n<meta property=\"article:modified_time\" content=\"2025-07-11T10:34:29+00:00\" \/>\n<meta name=\"twitter:card\" content=\"summary_large_image\" \/>\n<meta name=\"twitter:label1\" content=\"Est. reading time\" \/>\n\t<meta name=\"twitter:data1\" content=\"13 minutes\" \/>\n<script type=\"application\/ld+json\" class=\"yoast-schema-graph\">{\"@context\":\"https:\/\/schema.org\",\"@graph\":[{\"@type\":\"WebPage\",\"@id\":\"https:\/\/www.kioskstudio.net\/projekti\/zff\/izjava-o-privatnosti\/\",\"url\":\"https:\/\/www.kioskstudio.net\/projekti\/zff\/izjava-o-privatnosti\/\",\"name\":\"Izjava o privatnosti - Zagreb Film Festival\",\"isPartOf\":{\"@id\":\"https:\/\/www.kioskstudio.net\/projekti\/zff\/#website\"},\"datePublished\":\"2025-07-11T10:28:09+00:00\",\"dateModified\":\"2025-07-11T10:34:29+00:00\",\"breadcrumb\":{\"@id\":\"https:\/\/www.kioskstudio.net\/projekti\/zff\/izjava-o-privatnosti\/#breadcrumb\"},\"inLanguage\":\"en-US\",\"potentialAction\":[{\"@type\":\"ReadAction\",\"target\":[\"https:\/\/www.kioskstudio.net\/projekti\/zff\/izjava-o-privatnosti\/\"]}]},{\"@type\":\"BreadcrumbList\",\"@id\":\"https:\/\/www.kioskstudio.net\/projekti\/zff\/izjava-o-privatnosti\/#breadcrumb\",\"itemListElement\":[{\"@type\":\"ListItem\",\"position\":1,\"name\":\"Home\",\"item\":\"https:\/\/www.kioskstudio.net\/projekti\/zff\/\"},{\"@type\":\"ListItem\",\"position\":2,\"name\":\"Izjava o privatnosti\"}]},{\"@type\":\"WebSite\",\"@id\":\"https:\/\/www.kioskstudio.net\/projekti\/zff\/#website\",\"url\":\"https:\/\/www.kioskstudio.net\/projekti\/zff\/\",\"name\":\"Zagreb Film Festival\",\"description\":\"\",\"potentialAction\":[{\"@type\":\"SearchAction\",\"target\":{\"@type\":\"EntryPoint\",\"urlTemplate\":\"https:\/\/www.kioskstudio.net\/projekti\/zff\/?s={search_term_string}\"},\"query-input\":{\"@type\":\"PropertyValueSpecification\",\"valueRequired\":true,\"valueName\":\"search_term_string\"}}],\"inLanguage\":\"en-US\"}]}<\/script>\n<!-- \/ Yoast SEO plugin. -->","yoast_head_json":{"title":"Izjava o privatnosti - Zagreb Film Festival","robots":{"index":"noindex","follow":"follow","max-snippet":"max-snippet:-1","max-image-preview":"max-image-preview:large","max-video-preview":"max-video-preview:-1"},"og_locale":"en_US","og_type":"article","og_title":"Izjava o privatnosti - Zagreb Film Festival","og_description":"[vc_row gap=&#8221;35&#8243; css=&#8221;.vc_custom_1581509401102{margin-right: -5% !important;margin-bottom: 70px !important;margin-left: -5% !important;}&#8221;][vc_column][vc_row_inner][vc_column_inner offset=&#8221;vc_hidden-lg vc_hidden-md&#8221;][vc_empty_space height=&#8221;40px&#8221;][\/vc_column_inner][\/vc_row_inner][vc_row_inner css=&#8221;.vc_custom_1581957517763{margin-bottom: 45px !important;}&#8221;][vc_column_inner offset=&#8221;vc_col-lg-2 vc_col-md-2 vc_col-xs-12&#8243;][\/vc_column_inner][vc_column_inner offset=&#8221;vc_col-lg-8 vc_col-md-8 vc_col-xs-12&#8243;][vc_column_text]Zagreb Film Festival svoju obavezu \u010duvanja va\u0161e privatnosti shva\u0107a veoma ozbiljno, i svaku va\u0161u informaciju koju ostavite tretirati \u0107emo pa\u017eljivo. Posjetom na\u0161e stranice i\/ili registracijom prihva\u0107ate i suglasni...","og_url":"https:\/\/www.kioskstudio.net\/projekti\/zff\/izjava-o-privatnosti\/","og_site_name":"Zagreb Film Festival","article_modified_time":"2025-07-11T10:34:29+00:00","twitter_card":"summary_large_image","twitter_misc":{"Est. reading time":"13 minutes"},"schema":{"@context":"https:\/\/schema.org","@graph":[{"@type":"WebPage","@id":"https:\/\/www.kioskstudio.net\/projekti\/zff\/izjava-o-privatnosti\/","url":"https:\/\/www.kioskstudio.net\/projekti\/zff\/izjava-o-privatnosti\/","name":"Izjava o privatnosti - Zagreb Film Festival","isPartOf":{"@id":"https:\/\/www.kioskstudio.net\/projekti\/zff\/#website"},"datePublished":"2025-07-11T10:28:09+00:00","dateModified":"2025-07-11T10:34:29+00:00","breadcrumb":{"@id":"https:\/\/www.kioskstudio.net\/projekti\/zff\/izjava-o-privatnosti\/#breadcrumb"},"inLanguage":"en-US","potentialAction":[{"@type":"ReadAction","target":["https:\/\/www.kioskstudio.net\/projekti\/zff\/izjava-o-privatnosti\/"]}]},{"@type":"BreadcrumbList","@id":"https:\/\/www.kioskstudio.net\/projekti\/zff\/izjava-o-privatnosti\/#breadcrumb","itemListElement":[{"@type":"ListItem","position":1,"name":"Home","item":"https:\/\/www.kioskstudio.net\/projekti\/zff\/"},{"@type":"ListItem","position":2,"name":"Izjava o privatnosti"}]},{"@type":"WebSite","@id":"https:\/\/www.kioskstudio.net\/projekti\/zff\/#website","url":"https:\/\/www.kioskstudio.net\/projekti\/zff\/","name":"Zagreb Film Festival","description":"","potentialAction":[{"@type":"SearchAction","target":{"@type":"EntryPoint","urlTemplate":"https:\/\/www.kioskstudio.net\/projekti\/zff\/?s={search_term_string}"},"query-input":{"@type":"PropertyValueSpecification","valueRequired":true,"valueName":"search_term_string"}}],"inLanguage":"en-US"}]}},"lang":"hr","translations":{"hr":7840,"en":7844},"pll_sync_post":[],"_links":{"self":[{"href":"https:\/\/www.kioskstudio.net\/projekti\/zff\/wp-json\/wp\/v2\/pages\/7840","targetHints":{"allow":["GET"]}}],"collection":[{"href":"https:\/\/www.kioskstudio.net\/projekti\/zff\/wp-json\/wp\/v2\/pages"}],"about":[{"href":"https:\/\/www.kioskstudio.net\/projekti\/zff\/wp-json\/wp\/v2\/types\/page"}],"author":[{"embeddable":true,"href":"https:\/\/www.kioskstudio.net\/projekti\/zff\/wp-json\/wp\/v2\/users\/1"}],"replies":[{"embeddable":true,"href":"https:\/\/www.kioskstudio.net\/projekti\/zff\/wp-json\/wp\/v2\/comments?post=7840"}],"version-history":[{"count":1,"href":"https:\/\/www.kioskstudio.net\/projekti\/zff\/wp-json\/wp\/v2\/pages\/7840\/revisions"}],"predecessor-version":[{"id":7841,"href":"https:\/\/www.kioskstudio.net\/projekti\/zff\/wp-json\/wp\/v2\/pages\/7840\/revisions\/7841"}],"wp:attachment":[{"href":"https:\/\/www.kioskstudio.net\/projekti\/zff\/wp-json\/wp\/v2\/media?parent=7840"}],"curies":[{"name":"wp","href":"https:\/\/api.w.org\/{rel}","templated":true}]}}